{"id":126767,"date":"2023-03-13T09:10:45","date_gmt":"2023-03-13T07:10:45","guid":{"rendered":"https:\/\/thegfrecipesapi.go.ro\/iletisim-thegfrecipes\/"},"modified":"2024-03-17T23:12:16","modified_gmt":"2024-03-17T21:12:16","slug":"iletisim-thegfrecipes","status":"publish","type":"page","link":"https:\/\/thegfrecipesapi.go.ro\/tr\/iletisim-thegfrecipes\/","title":{"rendered":"\u0130leti\u015fim"},"content":{"rendered":"<div class=\"wp-block-image\">\n<figure class=\"aligncenter size-full is-resized\"><img decoding=\"async\" src=\"https:\/\/thegfrecipesapi.go.ro\/wp-content\/uploads\/2023\/06\/Contact-theGFrecipes-1.jpg\" alt=\"Baz&#x131;lar&#x131;n&#x131;n yukar&#x131;dan a&#x15F;a&#x11F;&#x131;ya g&#xF6;r&#xFC;n&#xFC;m&#xFC;GFrecipes blo&#x11F;uyla ileti&#x15F;ime ge&#xE7;in\" class=\"wp-image-119293\" style=\"width:487px;height:325px\" width=\"487\" height=\"325\" srcset=\"https:\/\/thegfrecipesapi.go.ro\/wp-content\/uploads\/2023\/06\/Contact-theGFrecipes-1.jpg 1000w, https:\/\/thegfrecipesapi.go.ro\/wp-content\/uploads\/2023\/06\/Contact-theGFrecipes-1-300x200.jpg 300w, https:\/\/thegfrecipesapi.go.ro\/wp-content\/uploads\/2023\/06\/Contact-theGFrecipes-1-768x512.jpg 768w, https:\/\/thegfrecipesapi.go.ro\/wp-content\/uploads\/2023\/06\/Contact-theGFrecipes-1-500x334.jpg 500w\" sizes=\"(max-width: 487px) 100vw, 487px\" \/><\/figure>\n<\/div>\n<p>M\u00fc\u015fteri geribildiriminizi, \u00f6nerilerinizi ve sorular\u0131n\u0131z\u0131 \u00f6nemsiyoruz ve okuyucular\u0131m\u0131zla ba\u011flant\u0131 kurmaktan mutluluk duyuyoruz. Bir tarif iste\u011finiz varsa, i\u015fbirli\u011fi yapmak istiyorsan\u0131z veya sadece merhaba demek istiyorsan\u0131z, bize ula\u015fman\u0131n m\u00fckemmel bir yolu buras\u0131d\u0131r. <\/p>\n\n<p>Canl\u0131 bir toplulu\u011fun geli\u015fmesine inan\u0131yoruz ve glutensiz yemek pi\u015firme ve f\u0131r\u0131nc\u0131l\u0131kla ilgili d\u00fc\u015f\u00fcncelerinizi, deneyimlerinizi ve fikirlerinizi payla\u015fman\u0131z\u0131 te\u015fvik ediyoruz. \u00d6zel bir ekibimiz, \u00e7e\u015fitli beslenme ihtiya\u00e7lar\u0131na hitap eden lezzetli ve besleyici tarifler olu\u015fturma konusunda tutkulu ve sizinle mutfa\u011fa dair yolculu\u011funuzda destek olmak i\u00e7in buraday\u0131z. <\/p>\n\n<p>Bizimle ileti\u015fime ge\u00e7mek i\u00e7in l\u00fctfen a\u015fa\u011f\u0131daki ileti\u015fim formunu doldurun. T\u00fcm sorular\u0131n\u0131za h\u0131zl\u0131 bir \u015fekilde yan\u0131t vermeye \u00e7al\u0131\u015f\u0131yor ve ihtiyac\u0131n\u0131z olan yard\u0131m\u0131 sa\u011flamak i\u00e7in buraday\u0131z. Geri bildiriminiz bizim i\u00e7in \u00e7ok de\u011ferlidir \u00e7\u00fcnk\u00fc GFrecipes ve Gluten Advisor uygulamas\u0131ndaki deneyiminizi s\u00fcrekli olarak geli\u015ftirmeye \u00e7al\u0131\u015f\u0131yoruz.  <\/p>\n<p>[contact-form-7 id=&#8221;119276&#8243; title=&#8221;Contact form 1&#8243;]<\/p>\n","protected":false},"excerpt":{"rendered":"<p>M\u00fc\u015fteri geribildiriminizi, \u00f6nerilerinizi ve sorular\u0131n\u0131z\u0131 \u00f6nemsiyoruz ve okuyucular\u0131m\u0131zla ba\u011flant\u0131 kurmaktan mutluluk duyuyoruz. Bir tarif iste\u011finiz varsa, i\u015fbirli\u011fi yapmak istiyorsan\u0131z veya sadece merhaba demek istiyorsan\u0131z, bize ula\u015fman\u0131n m\u00fckemmel bir yolu buras\u0131d\u0131r. Canl\u0131 bir toplulu\u011fun geli\u015fmesine inan\u0131yoruz ve glutensiz yemek pi\u015firme ve f\u0131r\u0131nc\u0131l\u0131kla ilgili d\u00fc\u015f\u00fcncelerinizi, deneyimlerinizi ve fikirlerinizi payla\u015fman\u0131z\u0131 te\u015fvik ediyoruz. \u00d6zel bir ekibimiz, \u00e7e\u015fitli beslenme ihtiya\u00e7lar\u0131na&#8230;<\/p>\n<div class=\" [&hellip;]\"><a href=\"https:\/\/thegfrecipesapi.go.ro\/tr\/iletisim-thegfrecipes\/\">Read More<\/a><\/div>\n","protected":false},"author":2,"featured_media":0,"parent":0,"menu_order":0,"comment_status":"closed","ping_status":"closed","template":"","meta":{"footnotes":""},"class_list":["post-126767","page","type-page","status-publish","hentry"],"acf":{"sub_title":"","show_featured_recipes_slider":false,"featured_recipes":null,"featured_recipes_background_image":null,"featured_recipes_layout_type":"mixed","make_featured_recipes_fixed_width":false,"background_image":null,"background_image_size":"default","parallax_background":"default","enable_custom_header_settings":false,"top_menu_type":"version_1","logo_image":null,"logo_image_width":210},"default_slug":"contact-thegfrecipes","_links":{"self":[{"href":"https:\/\/thegfrecipesapi.go.ro\/tr\/wp-json\/wp\/v2\/pages\/126767","targetHints":{"allow":["GET"]}}],"collection":[{"href":"https:\/\/thegfrecipesapi.go.ro\/tr\/wp-json\/wp\/v2\/pages"}],"about":[{"href":"https:\/\/thegfrecipesapi.go.ro\/tr\/wp-json\/wp\/v2\/types\/page"}],"author":[{"embeddable":true,"href":"https:\/\/thegfrecipesapi.go.ro\/tr\/wp-json\/wp\/v2\/users\/2"}],"replies":[{"embeddable":true,"href":"https:\/\/thegfrecipesapi.go.ro\/tr\/wp-json\/wp\/v2\/comments?post=126767"}],"version-history":[{"count":1,"href":"https:\/\/thegfrecipesapi.go.ro\/tr\/wp-json\/wp\/v2\/pages\/126767\/revisions"}],"predecessor-version":[{"id":126768,"href":"https:\/\/thegfrecipesapi.go.ro\/tr\/wp-json\/wp\/v2\/pages\/126767\/revisions\/126768"}],"wp:attachment":[{"href":"https:\/\/thegfrecipesapi.go.ro\/tr\/wp-json\/wp\/v2\/media?parent=126767"}],"curies":[{"name":"wp","href":"https:\/\/api.w.org\/{rel}","templated":true}]}}