{"id":123233,"date":"2023-03-25T00:48:30","date_gmt":"2023-03-24T22:48:30","guid":{"rendered":"https:\/\/thegfrecipesapi.go.ro\/yasal-uyari\/"},"modified":"2024-03-17T23:28:40","modified_gmt":"2024-03-17T21:28:40","slug":"yasal-uyari","status":"publish","type":"page","link":"https:\/\/thegfrecipesapi.go.ro\/tr\/yasal-uyari\/","title":{"rendered":"Sorumluluk Reddi"},"content":{"rendered":"\n<p>2023-03-24 tarihinde g\u00fcncellenmi\u015ftir<\/p>\n\n<p>Gluten Advisor &amp; The GF Recipes i\u015fbu belge ile size (&#8220;Uygulama&#8221; ve &#8220;Web Sitesi&#8221;) eri\u015fim izni vermekte ve sizi burada sunulan hizmetleri sat\u0131n almaya davet etmektedir.<\/p>\n\n<h1 class=\"wp-block-heading\">Tan\u0131mlar ve anahtar terimler<\/h1>\n\n<p>Bu Feragatnamede her \u015feyin m\u00fcmk\u00fcn oldu\u011funca net bir \u015fekilde a\u00e7\u0131klanmas\u0131na yard\u0131mc\u0131 olmak i\u00e7in, bu terimlere her at\u0131fta bulunuldu\u011funda, bunlar kesinlikle \u015fu \u015fekilde tan\u0131mlanmaktad\u0131r:<\/p>\n\n<ul class=\"wp-block-list\">\n<li>\u00c7erez: Bir web sitesi taraf\u0131ndan olu\u015fturulan ve web taray\u0131c\u0131n\u0131z taraf\u0131ndan kaydedilen k\u00fc\u00e7\u00fck miktarda veri. Taray\u0131c\u0131n\u0131z\u0131 tan\u0131mlamak, analizler sa\u011flamak, dil tercihiniz veya giri\u015f bilgileriniz gibi sizinle ilgili bilgileri hat\u0131rlamak i\u00e7in kullan\u0131l\u0131r. <\/li>\n\n\n\n<li>\u015eirket: Bu politikada &#8220;\u015eirket&#8221;, &#8220;biz&#8221;, &#8220;bize&#8221; veya &#8220;bizim&#8221; ifadeleri ge\u00e7ti\u011finde, Exponential Financial Consult S.R.L., Str. Gheorghe Doja, Nr. 1, Bloc 37D, Ploiesti, Prahova, Romanya adresinde bulunan ve bu Feragatname kapsam\u0131ndaki bilgilerinizden sorumlu olan \u015firkettir. <\/li>\n\n\n\n<li>Hizmet: Gluten Advisor taraf\u0131ndan ilgili \u015fartlarda (varsa) ve bu platformda a\u00e7\u0131kland\u0131\u011f\u0131 \u015fekilde sa\u011flanan hizmeti ifade eder.<\/li>\n\n\n\n<li>Web sitesi: Bu URL \u00fczerinden eri\u015filebilen site:<\/li>\n\n\n\n<li>Siz: Hizmetleri kullanmak i\u00e7in Gluten Advisor&#8217;a kay\u0131tl\u0131 bir ki\u015fi veya kurulu\u015f.<\/li>\n<\/ul>\n\n<h1 class=\"wp-block-heading\">S\u0131n\u0131rl\u0131 sorumluluk<\/h1>\n\n<p>Gluten Advisor, uygulaman\u0131n i\u00e7eri\u011fini d\u00fczenli olarak g\u00fcncellemek ve\/veya tamamlamak i\u00e7in \u00e7aba g\u00f6stermektedir. \u00d6zen ve dikkatimize ra\u011fmen, i\u00e7erik eksik ve\/veya yanl\u0131\u015f olabilir. <\/p>\n\n<p>Uygulamada sunulan materyaller, do\u011fruluklar\u0131 konusunda herhangi bir garanti veya iddia olmaks\u0131z\u0131n sunulmaktad\u0131r. Bu materyaller, Gluten Advisor taraf\u0131ndan \u00f6nceden haber verilmeksizin herhangi bir zamanda de\u011fi\u015ftirilebilir. <\/p>\n\n<p>\u00d6zellikle, uygulamadaki t\u00fcm fiyatlar yaz\u0131m ve programlama hatalar\u0131na tabi olarak belirtilmi\u015ftir. Bu t\u00fcr hatalar\u0131n sonu\u00e7lar\u0131 i\u00e7in hi\u00e7bir sorumluluk kabul edilmez. Bu t\u00fcr hatalara dayanarak hi\u00e7bir anla\u015fma yap\u0131lmaz.  <\/p>\n\n<p>Gluten Advisor, uygulamada yer alan \u00fc\u00e7\u00fcnc\u00fc taraflar\u0131n web sitelerine veya hizmetlerine verilen k\u00f6pr\u00fcler i\u00e7in herhangi bir sorumluluk kabul etmez. Uygulamam\u0131zdan, bu t\u00fcr harici sitelere giden k\u00f6pr\u00fcleri takip ederek di\u011fer web sitelerini ziyaret edebilirsiniz. Yararl\u0131 ve etik web sitelerine yaln\u0131zca kaliteli ba\u011flant\u0131lar sa\u011flamaya \u00e7al\u0131\u015fsak da, bu sitelerin i\u00e7eri\u011fi ve do\u011fas\u0131 \u00fczerinde hi\u00e7bir kontrol\u00fcm\u00fcz yoktur. Di\u011fer web sitelerine verilen bu ba\u011flant\u0131lar, bu sitelerde bulunan t\u00fcm i\u00e7erik i\u00e7in bir tavsiye anlam\u0131na gelmez. Site sahipleri ve i\u00e7erikleri \u00f6nceden haber verilmeksizin de\u011fi\u015ftirilebilir ve bu durum, &#8216;k\u00f6t\u00fc&#8217; olabilecek bir ba\u011flant\u0131y\u0131 kald\u0131rma f\u0131rsat\u0131m\u0131z olmadan \u00f6nce ger\u00e7ekle\u015febilir.    <\/p>\n\n<p>Uygulamam\u0131zdan ayr\u0131ld\u0131\u011f\u0131n\u0131zda, di\u011fer sitelerin bizim kontrol\u00fcm\u00fcz d\u0131\u015f\u0131nda farkl\u0131 gizlilik politikalar\u0131 ve \u015fartlar\u0131 olabilece\u011fini de l\u00fctfen unutmay\u0131n. L\u00fctfen herhangi bir i\u015f yapmadan veya herhangi bir bilgi y\u00fcklemeden \u00f6nce bu sitelerin Gizlilik Politikalar\u0131n\u0131 ve &#8220;Hizmet \u015eartlar\u0131n\u0131&#8221; kontrol etti\u011finizden emin olun. <\/p>\n\n<h1 class=\"wp-block-heading\">Di\u011fer Web Sitelerine Ba\u011flant\u0131lar Sorumluluk Reddi<\/h1>\n\n<p>Bu Feragatname sadece Hizmetler i\u00e7in ge\u00e7erlidir. Hizmetler, Gluten Advisor taraf\u0131ndan i\u015fletilmeyen veya kontrol edilmeyen di\u011fer web sitelerine ba\u011flant\u0131lar i\u00e7erebilir. Bu t\u00fcr web sitelerinde ifade edilen i\u00e7erik, do\u011fruluk veya g\u00f6r\u00fc\u015flerden sorumlu de\u011filiz ve bu t\u00fcr web siteleri taraf\u0131m\u0131zdan ara\u015ft\u0131r\u0131lmamakta, izlenmemekte veya do\u011fruluk veya eksiksizlik a\u00e7\u0131s\u0131ndan kontrol edilmemektedir. Hizmetlerden ba\u015fka bir web sitesine gitmek i\u00e7in bir ba\u011flant\u0131 kulland\u0131\u011f\u0131n\u0131zda, Gizlilik Politikam\u0131z\u0131n art\u0131k y\u00fcr\u00fcrl\u00fckte olmad\u0131\u011f\u0131n\u0131 l\u00fctfen unutmay\u0131n. Platformumuzda bir ba\u011flant\u0131ya sahip olanlar da dahil olmak \u00fczere, ba\u015fka herhangi bir web sitesinde gezinmeniz ve etkile\u015fiminiz, s\u00f6z konusu web sitesinin kendi kurallar\u0131na ve politikalar\u0131na tabidir. Bu t\u00fcr \u00fc\u00e7\u00fcnc\u00fc taraflar, hakk\u0131n\u0131zda bilgi toplamak i\u00e7in kendi \u00e7erezlerini veya di\u011fer y\u00f6ntemleri kullanabilir. Bir \u00fc\u00e7\u00fcnc\u00fc taraf ba\u011flant\u0131s\u0131na t\u0131klarsan\u0131z, s\u00f6z konusu \u00fc\u00e7\u00fcnc\u00fc taraf\u0131n sitesine y\u00f6nlendirilirsiniz. Ziyaret etti\u011finiz her sitenin Gizlilik Politikas\u0131n\u0131 ve \u015eartlar\u0131n\u0131 incelemenizi \u00f6nemle tavsiye ederiz.       <\/p>\n\n<p>\u00dc\u00e7\u00fcnc\u00fc taraf sitelerinin veya hizmetlerinin i\u00e7eri\u011fi, gizlilik politikalar\u0131 veya uygulamalar\u0131 \u00fczerinde hi\u00e7bir kontrol\u00fcm\u00fcz yoktur ve bunlar i\u00e7in hi\u00e7bir sorumluluk kabul etmiyoruz.<\/p>\n\n<h1 class=\"wp-block-heading\">Hatalar ve \u0130hmaller Sorumluluk Reddi<\/h1>\n\n<p>Gluten Advisor herhangi bir i\u00e7erik, kod veya di\u011fer yanl\u0131\u015fl\u0131klardan sorumlu de\u011fildir.<\/p>\n\n<p>Gluten Dan\u0131\u015fman\u0131 garanti veya teminat vermez.<\/p>\n\n<p>Gluten Advisor, Hizmetin veya Hizmetin i\u00e7eri\u011finin kullan\u0131m\u0131ndan kaynaklanan veya bunlarla ba\u011flant\u0131l\u0131 olarak ortaya \u00e7\u0131kan herhangi bir \u00f6zel, do\u011frudan, dolayl\u0131, sonu\u00e7 olarak ortaya \u00e7\u0131kan veya ar\u0131zi zarardan veya s\u00f6zle\u015fme, ihmal veya di\u011fer haks\u0131z fiilden kaynaklanan herhangi bir zarardan hi\u00e7bir durumda sorumlu olmayacakt\u0131r. Gluten Advisor, \u00f6nceden haber vermeksizin herhangi bir zamanda Hizmetteki i\u00e7eriklere ekleme, silme veya de\u011fi\u015fiklik yapma hakk\u0131n\u0131 sakl\u0131 tutar. <\/p>\n\n<h1 class=\"wp-block-heading\">Genel Sorumluluk Reddi<\/h1>\n\n<p>Gluten Advisor Hizmeti ve i\u00e7eri\u011fi, a\u00e7\u0131k veya z\u0131mni herhangi bir garanti veya beyan olmaks\u0131z\u0131n &#8220;oldu\u011fu gibi&#8221; ve &#8220;mevcut oldu\u011fu \u015fekilde&#8221; sa\u011flanmaktad\u0131r. Gluten Advisor, \u00fc\u00e7\u00fcnc\u00fc taraflarca sa\u011flanan i\u00e7eri\u011fin yay\u0131nc\u0131s\u0131 de\u011fil, bir da\u011f\u0131t\u0131c\u0131s\u0131d\u0131r; bu nedenle, Gluten Advisor bu t\u00fcr i\u00e7erik \u00fczerinde editoryal kontrol uygulamaz ve Gluten Advisor Hizmeti arac\u0131l\u0131\u011f\u0131yla sa\u011flanan veya eri\u015filebilen herhangi bir bilgi, i\u00e7erik, hizmet veya mal\u0131n do\u011frulu\u011fu, g\u00fcvenilirli\u011fi veya g\u00fcncelli\u011fi konusunda hi\u00e7bir garanti veya beyanda bulunmaz. Yukar\u0131da belirtilenleri s\u0131n\u0131rlamaks\u0131z\u0131n, Gluten Advisor, Gluten Advisor Hizmeti \u00fczerinde veya Gluten Advisor Hizmeti ile ba\u011flant\u0131l\u0131 olarak iletilen herhangi bir i\u00e7erikte veya Gluten Advisor Hizmetinde ba\u011flant\u0131 olarak g\u00f6r\u00fcnebilecek sitelerde veya Gluten Advisor Hizmetinin bir par\u00e7as\u0131 olarak veya ba\u015fka bir \u015fekilde Gluten Advisor Hizmeti ile ba\u011flant\u0131l\u0131 olarak sa\u011flanan \u00fcr\u00fcnlerde, sat\u0131labilirlik, belirli bir amaca uygunluk veya \u00fc\u00e7\u00fcnc\u00fc taraf haklar\u0131n\u0131n ihlal edilmemesi garantileri dahil ancak bunlarla s\u0131n\u0131rl\u0131 olmamak \u00fczere t\u00fcm garantileri ve beyanlar\u0131 \u00f6zellikle reddeder. Gluten Advisor veya ba\u011fl\u0131 kurulu\u015flar\u0131, \u00e7al\u0131\u015fanlar\u0131, memurlar\u0131, y\u00f6neticileri, temsilcileri veya benzerleri taraf\u0131ndan verilen hi\u00e7bir s\u00f6zl\u00fc tavsiye veya yaz\u0131l\u0131 bilgi bir garanti olu\u015fturmayacakt\u0131r. Fiyat ve bulunabilirlik bilgileri \u00f6nceden haber verilmeksizin de\u011fi\u015ftirilebilir. Yukar\u0131da belirtilenleri s\u0131n\u0131rlamaks\u0131z\u0131n, Gluten Advisor, Gluten Advisor Hizmetinin kesintisiz, bozulmam\u0131\u015f, zaman\u0131nda veya hatas\u0131z olaca\u011f\u0131n\u0131 garanti etmez.     <\/p>\n\n<h1 class=\"wp-block-heading\">Telif Hakk\u0131 Feragatnamesi<\/h1>\n\n<p>Bu materyallere ili\u015fkin t\u00fcm fikri m\u00fclkiyet haklar\u0131 Gluten Advisor&#8217;a aittir. Belirli materyaller i\u00e7in aksi belirtilmedik\u00e7e, bu materyallerin kopyalanmas\u0131, da\u011f\u0131t\u0131lmas\u0131 ve di\u011fer herhangi bir \u015fekilde kullan\u0131lmas\u0131, zorunlu kanun d\u00fczenlemelerinde aksi belirtilmedik\u00e7e (al\u0131nt\u0131 hakk\u0131 gibi) Gluten Advisor&#8217;\u0131n yaz\u0131l\u0131 izni olmadan yasakt\u0131r. <\/p>\n\n<h1 class=\"wp-block-heading\">Sat\u0131\u015f Ortakl\u0131\u011f\u0131 Ba\u011flant\u0131lar\u0131 A\u00e7\u0131klamas\u0131<\/h1>\n\n<p>Gluten Advisor&#8217;\u0131n ba\u011fl\u0131 kurulu\u015f ba\u011flant\u0131lar\u0131 vard\u0131r ve Feragatnamenin bu b\u00f6l\u00fcm\u00fcnde di\u011fer web sitelerinden\/\u015firketlerden ve \u00fcr\u00fcnlerden gelen bu ba\u011fl\u0131 kurulu\u015f ba\u011flant\u0131lar\u0131n\u0131 nas\u0131l kulland\u0131\u011f\u0131m\u0131za de\u011finece\u011fiz. Bu &#8220;ba\u011fl\u0131 kurulu\u015f ba\u011flant\u0131lar\u0131&#8221;, ba\u011fl\u0131 kurulu\u015fun kimli\u011fini veya kullan\u0131c\u0131 ad\u0131n\u0131 i\u00e7eren belirli URL&#8217;lerdir. <\/p>\n\n<p>FTC y\u00f6nergelerine uygun olarak, l\u00fctfen bu sitedeki ba\u011flant\u0131lar ve g\u00f6nderiler hakk\u0131nda a\u015fa\u011f\u0131dakileri kabul edin:<\/p>\n\n<ul class=\"wp-block-list\">\n<li>Gluten Advisor&#8217;daki t\u00fcm ba\u011flant\u0131lar, belirli \u00fcr\u00fcnlerin sat\u0131\u015f\u0131ndan k\u00fc\u00e7\u00fck bir komisyon ald\u0131\u011f\u0131m\u0131z ba\u011fl\u0131 kurulu\u015f ba\u011flant\u0131lar\u0131d\u0131r, ancak fiyat sizin i\u00e7in ayn\u0131d\u0131r. Gluten Dan\u0131\u015fman\u0131 b\u00fcy\u00fcd\u00fck\u00e7e, onu \u00e7al\u0131\u015ft\u0131rmak ve s\u00fcrd\u00fcrmekle ilgili maliyetler de artt\u0131 ve ba\u011fl\u0131 kurulu\u015f ba\u011flant\u0131lar\u0131 bu maliyetleri kar\u015f\u0131lamaya yard\u0131mc\u0131 oldu\u011fumuz bir yoldur. <\/li>\n\n\n\n<li>Bir \u00fcr\u00fcne ba\u011fl\u0131 kurulu\u015f ba\u011flant\u0131s\u0131 g\u00f6nderirsek, bu \u00fcr\u00fcn ki\u015fisel olarak kulland\u0131\u011f\u0131m\u0131z, destekledi\u011fimiz ve ba\u011fl\u0131 kurulu\u015f ba\u011flant\u0131s\u0131 olmadan tavsiye edece\u011fimiz bir \u00fcr\u00fcnd\u00fcr.<\/li>\n\n\n\n<li>Aksi belirtilmedik\u00e7e, t\u00fcm incelemeler sat\u0131n ald\u0131\u011f\u0131m\u0131z \u00fcr\u00fcnlere aittir ve bize herhangi bir \u015fekilde \u00f6deme yap\u0131lmaz veya tazminat \u00f6denmez.<\/li>\n<\/ul>\n\n<p>Gibi ortakl\u0131k programlar\u0131na kat\u0131labiliriz:<\/p>\n\n<ul class=\"wp-block-list\">\n<li>Amazon Gelir Ortakl\u0131\u011f\u0131 Program\u0131<\/li>\n\n\n\n<li>Di\u011ferleri<\/li>\n<\/ul>\n\n<h1 class=\"wp-block-heading\">Sa\u011fl\u0131k A\u00e7\u0131klamas\u0131<\/h1>\n\n<p>Gluten Advisor taraf\u0131ndan olu\u015fturulan veya lisans verenlerden elde edilen metin, grafik, resim ve di\u011fer materyaller gibi bu uygulamadaki bilgiler ve Gluten Advisor&#8217;da yer alan di\u011fer materyaller (topluca &#8220;i\u00e7erik&#8221;) yaln\u0131zca bilgilendirme ama\u00e7l\u0131d\u0131r ve ko\u015fullar ki\u015fiden ki\u015fiye de\u011fi\u015fece\u011finden profesyonel tavsiye ve\/veya bilginin yerine kullan\u0131lamaz. Profesyonel tavsiye almadan hareket etmemeli veya bu bilgilere g\u00fcvenmemelisiniz. Bu uygulamada \u00f6nerilen eylemler, \u00e7\u00f6z\u00fcmler, \u00e7areler veya talimatlardan herhangi birini \u00f6nce kalifiye bir profesyonele dan\u0131\u015fmadan denemeyin. Materyaller, eyleme ge\u00e7irilebilir profesyonel tavsiye niteli\u011finde de\u011fildir. Bu bilgilerin iletilmesi, Level Up Enterprises ile sizin aran\u0131zda bir profesyonel-m\u00fc\u015fteri ili\u015fkisi yaratmay\u0131 ama\u00e7lamamaktad\u0131r. Level Up Enterprises&#8217;\u0131n sahipleri, edit\u00f6rleri, katk\u0131da bulunanlar\u0131, y\u00f6neticileri ve di\u011fer personeli nitelikli profesyoneller de\u011fildir ve yaln\u0131zca bilgilendirme amac\u0131yla \u00e7evrimi\u00e7i olarak bulunan bilgileri bir araya getirmektedir.     <\/p>\n\n<p>T\u0131bbi bir acil durumunuz olabilece\u011fini d\u00fc\u015f\u00fcn\u00fcyorsan\u0131z, derhal doktorunuzu veya 112&#8217;i aray\u0131n. Gluten Advisor, uygulamada bahsedilebilecek belirli testleri, doktorlar\u0131, \u00fcr\u00fcnleri, prosed\u00fcrleri, g\u00f6r\u00fc\u015fleri veya di\u011fer bilgileri tavsiye etmez veya onaylamaz. Gluten Advisor, Gluten Advisor \u00e7al\u0131\u015fanlar\u0131, Gluten Advisor&#8217;\u0131n davetiyle uygulamada yer alan di\u011fer ki\u015filer veya uygulaman\u0131n di\u011fer ziyaret\u00e7ileri taraf\u0131ndan sa\u011flanan herhangi bir bilgiye g\u00fcvenmenin riski yaln\u0131zca size aittir.  <\/p>\n\n<p>Uygulamada sunulan mevcut ve gelecekteki t\u00fcm mekanlar, \u00e7\u00f6lyak hastal\u0131\u011f\u0131 olan bireyler i\u00e7in tatmin edici bir se\u00e7im s\u00fcrecine dayal\u0131 olarak yap\u0131lan tavsiyelerdir. Bu mekanlarda neler oldu\u011funu kontrol edemedi\u011fimiz i\u00e7in (mutfakta kimin \u00e7al\u0131\u015ft\u0131\u011f\u0131, yemekleri kimin servis etti\u011fi ve di\u011fer bir\u00e7ok fakt\u00f6r gibi), bu uygulama i\u015flevselli\u011fini kullanmay\u0131 kabul etmek kendi sorumlulu\u011funuz anlam\u0131na gelir. L\u00fctfen bunun fark\u0131nda olun ve uygulamay\u0131 kullan\u0131rken bilin\u00e7li kararlar verin.  <\/p>\n\n<h1 class=\"wp-block-heading\">Fitness A\u00e7\u0131klamas\u0131<\/h1>\n\n<p>L\u00fctfen uygulamadaki herhangi bir bilgiyi uygulamadan \u00f6nce bu Fitness a\u00e7\u0131klamas\u0131n\u0131 okuyun.<\/p>\n\n<p>Fitness ve Beslenme tavsiyeleri hakk\u0131nda bilgiler g\u00f6steriyoruz. Gluten Advisor taraf\u0131ndan olu\u015fturulan veya lisans verenlerden al\u0131nan metin, grafik, resim ve di\u011fer materyaller gibi bu uygulamadaki bilgiler ve Gluten Advisor&#8217;da bulunan di\u011fer materyaller (topluca &#8220;i\u00e7erik&#8221;) yaln\u0131zca bilgilendirme ama\u00e7l\u0131d\u0131r ve ko\u015fullar ki\u015fiden ki\u015fiye de\u011fi\u015fece\u011finden profesyonel tavsiye ve\/veya bilginin yerine kullan\u0131lamaz. Profesyonel tavsiye almadan hareket etmemeli veya bu bilgilere g\u00fcvenmemelisiniz. Bu uygulamada \u00f6nerilen eylemler, \u00e7\u00f6z\u00fcmler, \u00e7areler veya talimatlardan herhangi birini \u00f6nce kalifiye bir profesyonele dan\u0131\u015fmadan denemeyin. Materyaller, eyleme ge\u00e7irilebilir profesyonel tavsiye niteli\u011finde de\u011fildir. Gluten Advisor&#8217;da sa\u011flad\u0131\u011f\u0131m\u0131z bilgilerden herhangi birini kullanman\u0131z durumunda risk size aittir.     <\/p>\n\n<p>Sa\u011fl\u0131kl\u0131 bireyler i\u00e7in bile d\u00fczenli egzersiz her zaman risksiz de\u011fildir. Baz\u0131 egzersiz t\u00fcrleri di\u011ferlerine g\u00f6re daha risklidir ve baz\u0131 bireyler i\u00e7in t\u00fcm egzersizler risklidir. <\/p>\n\n<p>Diyet i\u00e7in de ayn\u0131 \u015fey ge\u00e7erlidir. Baz\u0131 diyet \u00f6nerileri insanlar\u0131n \u00e7o\u011funlu\u011fu i\u00e7in sa\u011fl\u0131kl\u0131d\u0131r ancak di\u011ferleri i\u00e7in potansiyel olarak tehlikelidir. <\/p>\n\n<p>Gluten Advisor taraf\u0131ndan sa\u011flanan egzersizler yaln\u0131zca e\u011fitim ve e\u011flence ama\u00e7l\u0131d\u0131r ve belirli bir tedavi plan\u0131, \u00fcr\u00fcn veya hareket tarz\u0131 i\u00e7in bir \u00f6neri olarak yorumlanmamal\u0131d\u0131r. Egzersiz risksiz de\u011fildir ve bu veya ba\u015fka herhangi bir egzersiz program\u0131 yaralanmayla sonu\u00e7lanabilir. Bunlar aras\u0131nda yaralanma riski, \u00f6nceden var olan bir durumun k\u00f6t\u00fcle\u015fmesi veya kas gerginli\u011fi, anormal kan bas\u0131nc\u0131, bay\u0131lma, kalp at\u0131\u015f\u0131 bozukluklar\u0131 ve \u00e7ok nadir kalp krizi vakalar\u0131 gibi olumsuz etkiler veya a\u015f\u0131r\u0131 efor yer al\u0131r ancak bunlarla s\u0131n\u0131rl\u0131 de\u011fildir. Yaralanma riskini azaltmak i\u00e7in, bu veya herhangi bir egzersiz program\u0131na ba\u015flamadan \u00f6nce, uygun egzersiz re\u00e7etesi ve g\u00fcvenlik \u00f6nlemleri i\u00e7in l\u00fctfen bir sa\u011fl\u0131k uzman\u0131na dan\u0131\u015f\u0131n. Sunulan egzersiz talimatlar\u0131 ve tavsiyeleri hi\u00e7bir \u015fekilde t\u0131bbi dan\u0131\u015fmanl\u0131k yerine ge\u00e7mez. Gluten Dan\u0131\u015fman\u0131 bu programdan ve bu programla ba\u011flant\u0131l\u0131 her t\u00fcrl\u00fc sorumlulu\u011fu reddeder. Herhangi bir egzersiz program\u0131nda oldu\u011fu gibi, egzersiziniz s\u0131ras\u0131nda herhangi bir noktada bayg\u0131nl\u0131k, ba\u015f d\u00f6nmesi veya fiziksel rahats\u0131zl\u0131k hissetmeye ba\u015flarsan\u0131z, derhal durmal\u0131 ve bir doktora dan\u0131\u015fmal\u0131s\u0131n\u0131z.      <\/p>\n\n<h1 class=\"wp-block-heading\">E\u011fitim A\u00e7\u0131klamas\u0131<\/h1>\n\n<p>Gluten Advisor taraf\u0131ndan sa\u011flanan herhangi bir Bilgi yaln\u0131zca e\u011fitim ama\u00e7l\u0131d\u0131r ve belirli bir tedavi plan\u0131, \u00fcr\u00fcn veya eylem \u015fekli i\u00e7in bir tavsiye olarak yorumlanmamal\u0131d\u0131r. Gluten Advisor, \u00fc\u00e7\u00fcnc\u00fc taraflarca sa\u011flanan i\u00e7eri\u011fin yay\u0131nc\u0131s\u0131 de\u011fil, bir distrib\u00fct\u00f6r\u00fcd\u00fcr; bu nedenle, Gluten Advisor bu t\u00fcr i\u00e7erik \u00fczerinde editoryal kontrol uygulamaz ve Gluten Advisor arac\u0131l\u0131\u011f\u0131yla sa\u011flanan veya eri\u015filebilen herhangi bir bilgi veya e\u011fitim i\u00e7eri\u011finin do\u011frulu\u011fu, g\u00fcvenilirli\u011fi veya g\u00fcncelli\u011fi konusunda hi\u00e7bir garanti veya beyanda bulunmaz. Yukar\u0131da belirtilenleri s\u0131n\u0131rlamaks\u0131z\u0131n, Gluten Advisor, Gluten Advisor&#8217;da veya Gluten Advisor&#8217;da ba\u011flant\u0131 olarak g\u00f6r\u00fcnebilecek sitelerde veya Gluten Advisor&#8217;\u0131n bir par\u00e7as\u0131 olarak veya ba\u015fka bir \u015fekilde Gluten Advisor ile ba\u011flant\u0131l\u0131 olarak sa\u011flanan \u00fcr\u00fcnlerde iletilen herhangi bir i\u00e7erikteki t\u00fcm garantileri ve beyanlar\u0131 \u00f6zellikle reddeder. Gluten Advisor veya ba\u011fl\u0131 kurulu\u015flar\u0131, \u00e7al\u0131\u015fanlar\u0131, memurlar\u0131, y\u00f6neticileri, temsilcileri veya benzerleri taraf\u0131ndan verilen hi\u00e7bir s\u00f6zl\u00fc tavsiye veya yaz\u0131l\u0131 bilgi bir garanti olu\u015fturmayacakt\u0131r.   <\/p>\n\n<h1 class=\"wp-block-heading\">Reklam A\u00e7\u0131klamas\u0131<\/h1>\n\n<p>Bu uygulama \u00fc\u00e7\u00fcnc\u00fc taraf reklamlar\u0131 ve \u00fc\u00e7\u00fcnc\u00fc taraf sitelerine ba\u011flant\u0131lar i\u00e7erebilir. Gluten Advisor, bu reklamlarda veya sitelerde yer alan bilgilerin do\u011frulu\u011fu veya uygunlu\u011fu konusunda herhangi bir beyanda bulunmaz ve bu reklamlar\u0131n ve sitelerin davran\u0131\u015flar\u0131 veya i\u00e7eri\u011fi ve \u00fc\u00e7\u00fcnc\u00fc taraflarca yap\u0131lan teklifler i\u00e7in herhangi bir sorumluluk veya y\u00fck\u00fcml\u00fcl\u00fck kabul etmez. <\/p>\n\n<p>Reklamlar, Gluten Advisor&#8217;\u0131 ve kulland\u0131\u011f\u0131n\u0131z bir\u00e7ok web sitesi ve hizmeti \u00fccretsiz tutar. Reklamlar\u0131n g\u00fcvenli, g\u00f6ze batmayan ve m\u00fcmk\u00fcn oldu\u011funca alakal\u0131 oldu\u011fundan emin olmak i\u00e7in \u00e7ok \u00e7al\u0131\u015f\u0131yoruz. <\/p>\n\n<p>\u00dc\u00e7\u00fcnc\u00fc taraf reklamlar\u0131 ve mal veya hizmetlerin reklam\u0131n\u0131n yap\u0131ld\u0131\u011f\u0131 di\u011fer sitelere ba\u011flant\u0131lar, Gluten Advisor taraf\u0131ndan \u00fc\u00e7\u00fcnc\u00fc taraf sitelerinin, mallar\u0131n\u0131n veya hizmetlerinin onaylanmas\u0131 veya tavsiye edilmesi de\u011fildir. Gluten Advisor, reklamlar\u0131n i\u00e7eri\u011fi, verilen s\u00f6zler veya t\u00fcm reklamlarda sunulan \u00fcr\u00fcn veya hizmetlerin kalitesi\/g\u00fcvenilirli\u011fi konusunda hi\u00e7bir sorumluluk kabul etmez. <\/p>\n\n<h1 class=\"wp-block-heading\">G\u00f6r\u00fc\u015fler A\u00e7\u0131klama<\/h1>\n\n<p>Bu platformda verilen t\u00fcm referanslar, onlar\u0131 sa\u011flayanlar\u0131n g\u00f6r\u00fc\u015fleridir. Referanslarda verilen bilgiler, sizin \u00f6zel durumunuzdaki sonu\u00e7lar\u0131 tahmin etmek i\u00e7in kullan\u0131lmamal\u0131d\u0131r. Deneyimledi\u011finiz sonu\u00e7lar, sizin ve\/veya Gluten Advisor&#8217;\u0131n \u00f6ng\u00f6remeyece\u011fi fakt\u00f6rlere ek olarak, ki\u015fisel sorumluluk, ba\u011fl\u0131l\u0131k ve yetenek d\u00fczeyiniz dahil ancak bunlarla s\u0131n\u0131rl\u0131 olmamak \u00fczere bir\u00e7ok fakt\u00f6re ba\u011fl\u0131 olacakt\u0131r.  <\/p>\n\n<p>Ziyaret\u00e7ilerimize herhangi bir indirimden ba\u011f\u0131ms\u0131z olarak d\u00fcr\u00fcst referanslar verece\u011fiz. Test etti\u011fimiz herhangi bir \u00fcr\u00fcn veya hizmet, ger\u00e7ek ya\u015fam deneyimlerini yans\u0131tan bireysel deneyimlerdir. Referanslar ses, metin veya video olarak g\u00f6sterilebilir ve \u00fcr\u00fcnlerimizi ve\/veya hizmetlerimizi kullanacak olanlar\u0131n t\u00fcm\u00fcn\u00fc temsil etmek zorunda de\u011fildir.  <\/p>\n\n<p>Gluten Advisor, platformumuzda verilen referanslarla ayn\u0131 sonu\u00e7lar\u0131 garanti etmez. Gluten Advisor&#8217;da sunulan referanslar, bunlar\u0131 yazan ki\u015filer i\u00e7in ge\u00e7erlidir ve ba\u015fka herhangi bir ki\u015finin gelecekteki ba\u015far\u0131s\u0131n\u0131n g\u00f6stergesi olmayabilir. <\/p>\n\n<p>Referanslar, indirimler veya inceledi\u011fimiz \u00fcr\u00fcn\/hizmetlerden herhangi biri hakk\u0131nda daha fazla bilgi edinmek isterseniz l\u00fctfen bizimle ileti\u015fime ge\u00e7mekten \u00e7ekinmeyin.<\/p>\n\n<h1 class=\"wp-block-heading\">Sizin Onay\u0131n\u0131z<\/h1>\n\n<p>Sitemizi ziyaret etti\u011finizde nelerin ayarland\u0131\u011f\u0131 ve nas\u0131l kullan\u0131ld\u0131\u011f\u0131 konusunda size tam \u015feffafl\u0131k sa\u011flamak i\u00e7in Feragatnamemizi g\u00fcncelledik. Uygulamam\u0131z\u0131 kullanarak, bir hesap a\u00e7arak veya bir sat\u0131n alma i\u015flemi ger\u00e7ekle\u015ftirerek, i\u015fbu belge ile Feragatnamemizi onaylam\u0131\u015f ve \u015fartlar\u0131n\u0131 kabul etmi\u015f olursunuz. <\/p>\n\n<h1 class=\"wp-block-heading\">Feragatnamemizdeki De\u011fi\u015fiklikler<\/h1>\n\n<p>Bu belgeyi Hizmetimizi ve politikalar\u0131m\u0131z\u0131 do\u011fru bir \u015fekilde yans\u0131tacak \u015fekilde g\u00fcncellememiz, de\u011fi\u015ftirmemiz veya herhangi bir de\u011fi\u015fiklik yapmam\u0131z halinde. Yasalar aksini gerektirmedik\u00e7e, bu de\u011fi\u015fiklikler burada belirgin bir \u015fekilde yay\u0131nlanacakt\u0131r. Ard\u0131ndan, Hizmeti kullanmaya devam ederseniz, g\u00fcncellenmi\u015f Feragatnameye tabi olursunuz. Bunu veya g\u00fcncellenmi\u015f herhangi bir Feragatnameyi kabul etmek istemiyorsan\u0131z, hesab\u0131n\u0131z\u0131 silebilirsiniz.   <\/p>\n\n<h1 class=\"wp-block-heading\">Bize Ula\u015f\u0131n<\/h1>\n\n<p>Bu Feragatname ile ilgili herhangi bir sorunuz varsa bizimle ileti\u015fime ge\u00e7mekten \u00e7ekinmeyin.<\/p>\n\n<ul class=\"wp-block-list\">\n<li>E-posta yoluyla: <a href=\"mailto:radu@localhost\">radu@localhost<\/a><\/li>\n\n\n\n<li>Bu Ba\u011flant\u0131 \u00dczerinden: <a href=\"https:\/\/thegfrecipesapi.go.ro\/contact\/\">https:\/\/thegfrecipesapi.go.ro\/tr\/iletisim-thegfrecipes\/<\/a><\/li>\n<\/ul>\n","protected":false},"excerpt":{"rendered":"<p>2023-03-24 tarihinde g\u00fcncellenmi\u015ftir Gluten Advisor &amp; The GF Recipes i\u015fbu belge ile size (&#8220;Uygulama&#8221; ve &#8220;Web Sitesi&#8221;) eri\u015fim izni vermekte ve sizi burada sunulan hizmetleri sat\u0131n almaya davet etmektedir. Tan\u0131mlar ve anahtar terimler Bu Feragatnamede her \u015feyin m\u00fcmk\u00fcn oldu\u011funca net bir \u015fekilde a\u00e7\u0131klanmas\u0131na yard\u0131mc\u0131 olmak i\u00e7in, bu terimlere her at\u0131fta bulunuldu\u011funda, bunlar kesinlikle \u015fu \u015fekilde&#8230;<\/p>\n<div class=\" [&hellip;]\"><a href=\"https:\/\/thegfrecipesapi.go.ro\/tr\/yasal-uyari\/\">Read More<\/a><\/div>\n","protected":false},"author":2,"featured_media":0,"parent":0,"menu_order":0,"comment_status":"closed","ping_status":"closed","template":"","meta":{"footnotes":""},"class_list":["post-123233","page","type-page","status-publish","hentry"],"acf":{"sub_title":"","show_featured_recipes_slider":false,"featured_recipes":null,"featured_recipes_background_image":null,"featured_recipes_layout_type":"mixed","make_featured_recipes_fixed_width":false,"background_image":null,"background_image_size":"default","parallax_background":"default","enable_custom_header_settings":false,"top_menu_type":"version_1","logo_image":null,"logo_image_width":210},"default_slug":"disclaimer","_links":{"self":[{"href":"https:\/\/thegfrecipesapi.go.ro\/tr\/wp-json\/wp\/v2\/pages\/123233","targetHints":{"allow":["GET"]}}],"collection":[{"href":"https:\/\/thegfrecipesapi.go.ro\/tr\/wp-json\/wp\/v2\/pages"}],"about":[{"href":"https:\/\/thegfrecipesapi.go.ro\/tr\/wp-json\/wp\/v2\/types\/page"}],"author":[{"embeddable":true,"href":"https:\/\/thegfrecipesapi.go.ro\/tr\/wp-json\/wp\/v2\/users\/2"}],"replies":[{"embeddable":true,"href":"https:\/\/thegfrecipesapi.go.ro\/tr\/wp-json\/wp\/v2\/comments?post=123233"}],"version-history":[{"count":4,"href":"https:\/\/thegfrecipesapi.go.ro\/tr\/wp-json\/wp\/v2\/pages\/123233\/revisions"}],"predecessor-version":[{"id":126779,"href":"https:\/\/thegfrecipesapi.go.ro\/tr\/wp-json\/wp\/v2\/pages\/123233\/revisions\/126779"}],"wp:attachment":[{"href":"https:\/\/thegfrecipesapi.go.ro\/tr\/wp-json\/wp\/v2\/media?parent=123233"}],"curies":[{"name":"wp","href":"https:\/\/api.w.org\/{rel}","templated":true}]}}