{"id":120118,"date":"2023-03-13T09:10:45","date_gmt":"2023-03-13T07:10:45","guid":{"rendered":"https:\/\/thegfrecipesapi.go.ro\/contacteaza-thegfrecipes\/"},"modified":"2023-09-17T15:52:48","modified_gmt":"2023-09-17T13:52:48","slug":"contacteaza-thegfrecipes","status":"publish","type":"page","link":"https:\/\/thegfrecipesapi.go.ro\/ro\/contacteaza-thegfrecipes\/","title":{"rendered":"Contacteaza"},"content":{"rendered":"<div class=\"wp-block-image\">\n<figure class=\"aligncenter size-full is-resized\"><img decoding=\"async\" src=\"https:\/\/thegfrecipesapi.go.ro\/wp-content\/uploads\/2023\/06\/Contact-theGFrecipes-1.jpg\" alt=\"Vedere de sus unor piese &quot;Contacteaza theGFrecipes&quot;\" class=\"wp-image-119293\" style=\"width:487px;height:325px\" width=\"487\" height=\"325\" srcset=\"https:\/\/thegfrecipesapi.go.ro\/wp-content\/uploads\/2023\/06\/Contact-theGFrecipes-1.jpg 1000w, https:\/\/thegfrecipesapi.go.ro\/wp-content\/uploads\/2023\/06\/Contact-theGFrecipes-1-300x200.jpg 300w, https:\/\/thegfrecipesapi.go.ro\/wp-content\/uploads\/2023\/06\/Contact-theGFrecipes-1-768x512.jpg 768w, https:\/\/thegfrecipesapi.go.ro\/wp-content\/uploads\/2023\/06\/Contact-theGFrecipes-1-500x334.jpg 500w\" sizes=\"(max-width: 487px) 100vw, 487px\" \/><\/figure>\n<\/div>\n<p>Valor\u0103m feedback-ul vostru, sugestiile \u0219i \u00eentreb\u0103rile, \u0219i suntem \u00eenc\u00e2nta\u021bi s\u0103 ne conect\u0103m cu cititorii no\u0219tri. Fie c\u0103 ave\u021bi nevoie de o re\u021bet\u0103, dori\u021bi s\u0103 colabora\u021bi sau pur \u0219i simplu vre\u021bi s\u0103 ne saluta\u021bi, acesta este locul perfect pentru a intra \u00een contact cu noi. <\/p>\n\n<p>Noi credem \u00een promovarea unei comunit\u0103\u021bi vibrante \u0219i v\u0103 \u00eencuraj\u0103m s\u0103 \u00eemp\u0103rt\u0103\u0219i\u021bi g\u00e2ndurile, experien\u021bele \u0219i ideile voastre legate de g\u0103titul \u0219i coptul f\u0103r\u0103 gluten. Echipa noastr\u0103 dedicat\u0103 este pasionat\u0103 de crearea de re\u021bete delicioase \u0219i nutritive care s\u0103 r\u0103spund\u0103 diferitelor nevoi dietetice, \u0219i suntem aici pentru a v\u0103 sus\u021bine \u00een c\u0103l\u0103toria voastr\u0103 culinar\u0103. <\/p>\n\n<p>Pentru a lua leg\u0103tura cu noi, v\u0103 rug\u0103m s\u0103 completa\u021bi formularul de contact de mai jos. Ne str\u0103duim s\u0103 r\u0103spundem prompt la toate solicit\u0103rile \u0219i s\u0103 v\u0103 oferim asisten\u021ba de care ave\u021bi nevoie. Feedback-ul vostru este extrem de valoros pentru noi, \u00eentruc\u00e2t lucr\u0103m \u00een mod continuu pentru a \u00eembun\u0103t\u0103\u021bi experien\u021ba voastr\u0103 pe theGFrecipes \u0219i aplica\u021bia Gluten Advisor.  <\/p>\n<p>[contact-form-7 id=&#8221;119276&#8243; title=&#8221;Contact form 1&#8243;]<\/p>\n","protected":false},"excerpt":{"rendered":"<p>Valor\u0103m feedback-ul vostru, sugestiile \u0219i \u00eentreb\u0103rile, \u0219i suntem \u00eenc\u00e2nta\u021bi s\u0103 ne conect\u0103m cu cititorii no\u0219tri. Fie c\u0103 ave\u021bi nevoie de o re\u021bet\u0103, dori\u021bi s\u0103 colabora\u021bi sau pur \u0219i simplu vre\u021bi s\u0103 ne saluta\u021bi, acesta este locul perfect pentru a intra \u00een contact cu noi. Noi credem \u00een promovarea unei comunit\u0103\u021bi vibrante \u0219i v\u0103 \u00eencuraj\u0103m s\u0103&#8230;<\/p>\n<div class=\" [&hellip;]\"><a href=\"https:\/\/thegfrecipesapi.go.ro\/ro\/contacteaza-thegfrecipes\/\">Cite\u0219te mai mult<\/a><\/div>\n","protected":false},"author":2,"featured_media":0,"parent":0,"menu_order":0,"comment_status":"closed","ping_status":"closed","template":"","meta":{"footnotes":""},"class_list":["post-120118","page","type-page","status-publish","hentry"],"acf":{"sub_title":"","show_featured_recipes_slider":false,"featured_recipes":null,"featured_recipes_background_image":null,"featured_recipes_layout_type":"mixed","make_featured_recipes_fixed_width":false,"background_image":null,"background_image_size":"default","parallax_background":"default","enable_custom_header_settings":false,"top_menu_type":"version_1","logo_image":null,"logo_image_width":210},"default_slug":"contact-thegfrecipes","_links":{"self":[{"href":"https:\/\/thegfrecipesapi.go.ro\/ro\/wp-json\/wp\/v2\/pages\/120118","targetHints":{"allow":["GET"]}}],"collection":[{"href":"https:\/\/thegfrecipesapi.go.ro\/ro\/wp-json\/wp\/v2\/pages"}],"about":[{"href":"https:\/\/thegfrecipesapi.go.ro\/ro\/wp-json\/wp\/v2\/types\/page"}],"author":[{"embeddable":true,"href":"https:\/\/thegfrecipesapi.go.ro\/ro\/wp-json\/wp\/v2\/users\/2"}],"replies":[{"embeddable":true,"href":"https:\/\/thegfrecipesapi.go.ro\/ro\/wp-json\/wp\/v2\/comments?post=120118"}],"version-history":[{"count":1,"href":"https:\/\/thegfrecipesapi.go.ro\/ro\/wp-json\/wp\/v2\/pages\/120118\/revisions"}],"predecessor-version":[{"id":120119,"href":"https:\/\/thegfrecipesapi.go.ro\/ro\/wp-json\/wp\/v2\/pages\/120118\/revisions\/120119"}],"wp:attachment":[{"href":"https:\/\/thegfrecipesapi.go.ro\/ro\/wp-json\/wp\/v2\/media?parent=120118"}],"curies":[{"name":"wp","href":"https:\/\/api.w.org\/{rel}","templated":true}]}}