{"id":109199,"date":"2023-03-25T00:48:30","date_gmt":"2023-03-24T22:48:30","guid":{"rendered":"https:\/\/thegfrecipesapi.go.ro\/axonerare-raspundere\/"},"modified":"2024-04-01T15:59:53","modified_gmt":"2024-04-01T13:59:53","slug":"exonerare-raspundere","status":"publish","type":"page","link":"https:\/\/thegfrecipesapi.go.ro\/ro\/exonerare-raspundere\/","title":{"rendered":"Exonerare de r\u0103spundere"},"content":{"rendered":"\n<p>Actializate la 24-03-2023<\/p>\n\n<p>Gluten Advisor &amp; The GF Recipes v\u0103 ofer\u0103 prin prezenta acces la (&#8222;Aplica\u021bia&#8221; \u0219i &#8222;Site-ul&#8221;) \u0219i v\u0103 invit\u0103 s\u0103 achizi\u021biona\u021bi serviciile oferite aici.<\/p>\n\n<h1 class=\"wp-block-heading\">Defini\u021bii \u0219i termeni cheie<\/h1>\n\n<p>Pentru a ajuta la explicarea c\u00e2t mai clar\u0103 a lucrurilor \u00een acest Disclaimer, de fiecare dat\u0103 c\u00e2nd se face referire la oricare dintre ace\u0219ti termeni, sunt strict defini\u021bi ca fiind:<\/p>\n\n<ul class=\"wp-block-list\">\n<li>Cookie: o cantitate mic\u0103 de date generate de un site web \u0219i salvate de browserul dvs. web. Este utilizat pentru a identifica browserul dvs., pentru a furniza analize, pentru a re\u021bine informa\u021bii despre dvs., cum ar fi preferin\u021bele lingvistice sau informa\u021biile de conectare. <\/li>\n\n\n\n<li>Companie: atunci c\u00e2nd aceast\u0103 politic\u0103 men\u021bioneaz\u0103 &#8222;Compania&#8221;, &#8222;noi&#8221;, &#8222;ne&#8221; sau &#8222;al nostru&#8221;, se refer\u0103 la Exponential Financial Consult S.R.L., Str. Gheorghe Doja, Nr. 1, Bloc 37D, Ploie\u0219ti, Prahova, Rom\u00e2nia, care este responsabil\u0103 pentru informa\u021biile dumneavoastr\u0103 \u00een conformitate cu acest Disclaimer. <\/li>\n\n\n\n<li>Serviciu: se refer\u0103 la serviciul furnizat de Gluten Advisor, a\u0219a cum este descris \u00een termenii respectivi (dac\u0103 sunt disponibili) \u0219i pe aceast\u0103 platform\u0103.<\/li>\n\n\n\n<li>Site web: site, care poate fi accesat prin intermediul acestei adrese URL:<\/li>\n\n\n\n<li>Dumneavoastr\u0103: o persoan\u0103 sau entitate care este \u00eenregistrat\u0103 la Gluten Advisor pentru a utiliza Serviciile.<\/li>\n<\/ul>\n\n<h1 class=\"wp-block-heading\">R\u0103spundere limitat\u0103<\/h1>\n\n<p>Gluten Advisor se str\u0103duie\u0219te s\u0103 actualizeze \u0219i\/sau s\u0103 completeze con\u021binutul aplica\u021biei \u00een mod regulat. \u00cen ciuda grijii \u0219i aten\u021biei noastre, con\u021binutul poate fi incomplet \u0219i\/sau incorect. <\/p>\n\n<p>Materialele oferite \u00een aplica\u021bie sunt oferite f\u0103r\u0103 nicio form\u0103 de garan\u021bie sau preten\u021bie privind corectitudinea lor. Aceste materiale pot fi modificate \u00een orice moment f\u0103r\u0103 o notificare prealabil\u0103 din partea Gluten Advisor. <\/p>\n\n<p>\u00cen special, toate pre\u021burile din aplica\u021bie sunt declarate sub rezerva erorilor de dactilografiere \u0219i de programare. Nu se asum\u0103 nicio r\u0103spundere pentru implica\u021biile unor astfel de erori. Nu se \u00eencheie niciun acord pe baza unor astfel de erori.  <\/p>\n\n<p>Gluten Advisor nu \u00ee\u0219i asum\u0103 nicio r\u0103spundere pentru hiperlinkurile c\u0103tre site-uri web sau servicii ale unor ter\u021be p\u0103r\u021bi incluse \u00een aplica\u021bie. Din aplica\u021bia noastr\u0103, pute\u021bi vizita alte site-uri web, urm\u00e2nd hiperlinkurile c\u0103tre astfel de site-uri externe. De\u0219i ne str\u0103duim s\u0103 furniz\u0103m numai linkuri de calitate c\u0103tre site-uri web utile \u0219i etice, nu avem niciun control asupra con\u021binutului \u0219i naturii acestor site-uri. Aceste linkuri c\u0103tre alte site-uri web nu implic\u0103 o recomandare pentru tot con\u021binutul g\u0103sit pe aceste site-uri. Proprietarii site-urilor \u0219i con\u021binutul acestora se pot schimba f\u0103r\u0103 notificare prealabil\u0103 \u0219i se poate \u00eent\u00e2mpla \u00eenainte de a avea ocazia s\u0103 elimin\u0103m un link care ar fi putut deveni &#8222;r\u0103u&#8221;.    <\/p>\n\n<p>De asemenea, v\u0103 rug\u0103m s\u0103 fi\u021bi con\u0219tient de faptul c\u0103, atunci c\u00e2nd p\u0103r\u0103si\u021bi aplica\u021bia noastr\u0103, alte site-uri pot avea politici de confiden\u021bialitate \u0219i termeni diferi\u021bi, care sunt \u00een afara controlului nostru. V\u0103 rug\u0103m s\u0103 v\u0103 asigura\u021bi c\u0103 verifica\u021bi politicile de confiden\u021bialitate ale acestor site-uri, precum \u0219i &#8222;Termenii \u0219i condi\u021biile de utilizare&#8221; ale acestora \u00eenainte de a v\u0103 angaja \u00een orice afacere sau de a \u00eenc\u0103rca orice informa\u021bie. <\/p>\n\n<h1 class=\"wp-block-heading\">Leg\u0103turi c\u0103tre alte site-uri web Disclaimer<\/h1>\n\n<p>Aceast\u0103 clauz\u0103 de exonerare de r\u0103spundere se aplic\u0103 numai la Servicii. Serviciile pot con\u021bine linkuri c\u0103tre alte site-uri web care nu sunt operate sau controlate de Gluten Advisor. Nu suntem r\u0103spunz\u0103tori pentru con\u021binutul, acurate\u021bea sau opiniile exprimate pe astfel de site-uri web, iar aceste site-uri web nu sunt investigate, monitorizate sau verificate de c\u0103tre noi \u00een ceea ce prive\u0219te acurate\u021bea sau caracterul complet. V\u0103 rug\u0103m s\u0103 re\u021bine\u021bi c\u0103, atunci c\u00e2nd utiliza\u021bi un link pentru a trece de la Servicii la un alt site web, Politica noastr\u0103 de confiden\u021bialitate nu mai este \u00een vigoare. Navigarea \u0219i interac\u021biunea dvs. pe orice alt site web, inclusiv pe cele care au un link pe platforma noastr\u0103, se supun regulilor \u0219i politicilor proprii ale acelui site web. Aceste ter\u021be p\u0103r\u021bi pot utiliza propriile module cookie sau alte metode pentru a colecta informa\u021bii despre dumneavoastr\u0103. Dac\u0103 face\u021bi clic pe un link al unei ter\u021be p\u0103r\u021bi, ve\u021bi fi direc\u021bionat c\u0103tre site-ul acelei ter\u021be p\u0103r\u021bi. V\u0103 sf\u0103tuim cu t\u0103rie s\u0103 consulta\u021bi Politica de confiden\u021bialitate \u0219i Termenii fiec\u0103rui site pe care \u00eel vizita\u021bi.       <\/p>\n\n<p>Nu avem niciun control asupra \u0219i nu ne asum\u0103m nicio responsabilitate pentru con\u021binutul, politicile de confiden\u021bialitate sau practicile site-urilor sau serviciilor ter\u021bilor.<\/p>\n\n<h1 class=\"wp-block-heading\">Declinarea r\u0103spunderii pentru erori \u0219i omisiuni<\/h1>\n\n<p>Gluten Advisor nu este responsabil pentru orice con\u021binut, cod sau orice alt\u0103 imprecizie.<\/p>\n\n<p>Gluten Advisor nu ofer\u0103 garan\u021bii.<\/p>\n\n<p>\u00cen niciun caz Gluten Advisor nu va fi r\u0103spunz\u0103tor pentru daune speciale, directe, indirecte, indirecte sau incidentale sau pentru orice daune de orice fel, indiferent dac\u0103 este vorba de o ac\u021biune contractual\u0103, neglijen\u021b\u0103 sau alt\u0103 ac\u021biune delictual\u0103, care rezult\u0103 din sau \u00een leg\u0103tur\u0103 cu utilizarea Serviciului sau a con\u021binutului Serviciului. Gluten Advisor \u00ee\u0219i rezerv\u0103 dreptul de a face ad\u0103ugiri, elimin\u0103ri sau modific\u0103ri ale con\u021binutului Serviciului \u00een orice moment \u0219i f\u0103r\u0103 notificare prealabil\u0103. <\/p>\n\n<h1 class=\"wp-block-heading\">Renun\u021bare general\u0103<\/h1>\n\n<p>Serviciul Gluten Advisor \u0219i con\u021binutul s\u0103u sunt furnizate &#8222;a\u0219a cum sunt&#8221; \u0219i &#8222;a\u0219a cum sunt disponibile&#8221;, f\u0103r\u0103 nici o garan\u021bie sau declara\u021bie de orice fel, fie ea expres\u0103 sau implicit\u0103. Gluten Advisor este un distribuitor \u0219i nu un editor al con\u021binutului furnizat de ter\u021bi; ca atare, Gluten Advisor nu exercit\u0103 niciun control editorial asupra acestui con\u021binut \u0219i nu ofer\u0103 nicio garan\u021bie sau declara\u021bie cu privire la acurate\u021bea, fiabilitatea sau actualitatea oric\u0103ror informa\u021bii, con\u021binut, servicii sau m\u0103rfuri furnizate prin intermediul sau accesibile prin intermediul Serviciului Gluten Advisor. F\u0103r\u0103 a se limita la cele de mai sus, Gluten Advisor \u00ee\u0219i declin\u0103 \u00een mod specific toate garan\u021biile \u0219i reprezent\u0103rile \u00een orice con\u021binut transmis pe sau \u00een leg\u0103tur\u0103 cu Serviciul Gluten Advisor sau pe site-urile care pot ap\u0103rea ca linkuri pe Serviciul Gluten Advisor, sau \u00een produsele furnizate ca parte a Serviciului Gluten Advisor sau \u00een leg\u0103tur\u0103 cu acesta, inclusiv, f\u0103r\u0103 a se limita la orice garan\u021bii de vandabilitate, de adecvare la un anumit scop sau de nerespectare a drepturilor unor ter\u021be p\u0103r\u021bi. Niciun sfat oral sau informa\u021bie scris\u0103 oferit\u0103 de Gluten Advisor sau de oricare dintre afilia\u021bii, angaja\u021bii, func\u021bionarii, directorii, directorii, agen\u021bii sau alte persoane similare ale acestuia nu va crea o garan\u021bie. Informa\u021biile privind pre\u021burile \u0219i disponibilitatea pot fi modificate f\u0103r\u0103 notificare prealabil\u0103. F\u0103r\u0103 a limita cele de mai sus, Gluten Advisor nu garanteaz\u0103 c\u0103 Serviciul Gluten Advisor va fi ne\u00eentrerupt, ne\u00eentrerupt, oportun sau f\u0103r\u0103 erori.     <\/p>\n\n<h1 class=\"wp-block-heading\">Declinarea drepturilor de autor<\/h1>\n\n<p>Toate drepturile de proprietate intelectual\u0103 referitoare la aceste materiale sunt de\u021binute de Gluten Advisor. Copierea, distribuirea \u0219i orice alt\u0103 utilizare a acestor materiale nu este permis\u0103 f\u0103r\u0103 permisiunea scris\u0103 a Gluten Advisor, cu excep\u021bia \u0219i numai \u00een m\u0103sura \u00een care se prevede altfel \u00een reglement\u0103rile de drept obligatoriu (cum ar fi dreptul de citare), cu excep\u021bia cazului \u00een care se prevede altfel pentru anumite materiale. <\/p>\n\n<h1 class=\"wp-block-heading\">Dezv\u0103luirea leg\u0103turilor de afiliere<\/h1>\n\n<p>Gluten Advisor are link-uri afiliate \u0219i \u00een aceast\u0103 sec\u021biune a Declin\u0103rii de r\u0103spundere vom aborda modul \u00een care folosim aceste link-uri afiliate de la alte site-uri\/companiile \u0219i produse. Aceste &#8222;linkuri afiliate&#8221; sunt URL-uri specifice care con\u021bin ID-ul sau numele de utilizator al afiliatului. <\/p>\n\n<p>\u00cen conformitate cu orient\u0103rile FTC, v\u0103 rug\u0103m s\u0103 presupune\u021bi urm\u0103toarele despre linkurile \u0219i post\u0103rile de pe acest site:<\/p>\n\n<ul class=\"wp-block-list\">\n<li>Oricare\/toate linkurile de pe Gluten Advisor sunt linkuri afiliate din care primim un mic comision din v\u00e2nz\u0103rile anumitor articole, dar pre\u021bul este acela\u0219i pentru dumneavoastr\u0103. Pe m\u0103sur\u0103 ce Gluten Advisor a crescut, au crescut \u0219i costurile asociate cu func\u021bionarea \u0219i \u00eentre\u021binerea acestuia, iar linkurile afiliate sunt o modalitate prin care ajut\u0103m la compensarea acestor costuri. <\/li>\n\n\n\n<li>Dac\u0103 post\u0103m un link afiliat c\u0103tre un produs, este ceva ce folosim personal, sus\u021binem \u0219i am recomanda f\u0103r\u0103 un link afiliat.<\/li>\n\n\n\n<li>Cu excep\u021bia cazului \u00een care se men\u021bioneaz\u0103 altfel, toate recenziile sunt despre articole pe care le-am cump\u0103rat \u0219i nu suntem pl\u0103ti\u021bi sau compensa\u021bi \u00een niciun fel.<\/li>\n<\/ul>\n\n<p>Este posibil s\u0103 particip\u0103m la programe de afiliere, cum ar fi:<\/p>\n\n<ul class=\"wp-block-list\">\n<li>Programul Amazon Associates<\/li>\n\n\n\n<li>Altele<\/li>\n<\/ul>\n\n<h1 class=\"wp-block-heading\">Dezv\u0103luirea privind s\u0103n\u0103tatea<\/h1>\n\n<p>Informa\u021biile din aceast\u0103 aplica\u021bie, cum ar fi textul, grafica, imaginile \u0219i alte materiale create de Gluten Advisor sau ob\u021binute de la licen\u021biatori, precum \u0219i alte materiale con\u021binute \u00een Gluten Advisor (denumite colectiv &#8222;con\u021binut&#8221;) sunt destinate exclusiv scopului informativ \u0219i nu pot fi folosite ca substitut pentru sfaturi \u0219i\/sau informa\u021bii profesionale, deoarece circumstan\u021bele variaz\u0103 de la o persoan\u0103 la alta. Nu ar trebui s\u0103 ac\u021biona\u021bi sau s\u0103 v\u0103 baza\u021bi pe aceste informa\u021bii f\u0103r\u0103 a solicita consiliere profesional\u0103. Nu \u00eencerca\u021bi s\u0103 \u00eentreprinde\u021bi niciuna dintre ac\u021biunile, solu\u021biile, remediile sau instruc\u021biunile sugerate care se g\u0103sesc \u00een aceast\u0103 aplica\u021bie f\u0103r\u0103 a v\u0103 consulta mai \u00eent\u00e2i cu un profesionist calificat. Materialele nu sunt destinate s\u0103 fie \u0219i nici nu constituie consultan\u021b\u0103 profesional\u0103 ac\u021bionabil\u0103. Transmiterea acestor informa\u021bii nu este menit\u0103 s\u0103 creeze o rela\u021bie profesionist-client \u00eentre Level Up Enterprises \u0219i dumneavoastr\u0103. Proprietarii, editorii, colaboratorii, administratorii \u0219i ceilal\u021bi membri ai personalului Level Up Enterprises nu sunt profesioni\u0219ti califica\u021bi \u0219i nu fac dec\u00e2t s\u0103 adune informa\u021biile g\u0103site online doar \u00een scop informativ.     <\/p>\n\n<p>Dac\u0103 crede\u021bi c\u0103 ave\u021bi o urgen\u021b\u0103 medical\u0103, apela\u021bi imediat la medic sau la 911. Gluten Advisor nu recomand\u0103 \u0219i nu sus\u021bine niciun test, medic, produs, procedur\u0103, opinie sau alte informa\u021bii specifice care pot fi men\u021bionate \u00een aplica\u021bie. \u00cencrederea \u00een orice informa\u021bie furnizat\u0103 de Gluten Advisor, de angaja\u021bii Gluten Advisor, de alte persoane care apar \u00een aplica\u021bie la invita\u021bia Gluten Advisor sau de al\u021bi vizitatori ai aplica\u021biei se face exclusiv pe propriul risc.  <\/p>\n\n<p>Toate loca\u021biile prezentate \u00een aplica\u021bie, at\u00e2t cele prezente, c\u00e2t \u0219i cele viitoare, sunt doar recomand\u0103ri f\u0103cute pe baza unui proces de selec\u021bie satisf\u0103c\u0103tor pentru persoanele cu boal\u0103 celiac\u0103. Deoarece nu putem controla ceea ce se \u00eent\u00e2mpl\u0103 \u00een aceste loca\u021bii (cum ar fi cine lucreaz\u0103 \u00een buc\u0103t\u0103rie, cine serve\u0219te m\u00e2ncarea \u0219i mul\u021bi al\u021bi factori), acceptarea utiliz\u0103rii acestei func\u021bionalit\u0103\u021bi a aplica\u021biei implic\u0103 propria dvs. responsabilitate. V\u0103 rug\u0103m s\u0103 fi\u021bi con\u0219tien\u021bi de acest lucru \u0219i s\u0103 lua\u021bi decizii \u00een cuno\u0219tin\u021b\u0103 de cauz\u0103 atunci c\u00e2nd utiliza\u021bi aplica\u021bia.  <\/p>\n\n<h1 class=\"wp-block-heading\">Dezv\u0103luiri privind fitnessul<\/h1>\n\n<p>V\u0103 rug\u0103m s\u0103 citi\u021bi aceast\u0103 dezv\u0103luire despre Fitness \u00eenainte de a aplica oricare dintre informa\u021biile din aplica\u021bie.<\/p>\n\n<p>Prezent\u0103m informa\u021bii despre Fitness \u0219i sfaturi nutri\u021bionale. Informa\u021biile din aceast\u0103 aplica\u021bie, cum ar fi textul, grafica, imaginile \u0219i alte materiale create de Gluten Advisor sau ob\u021binute de la licen\u021biatori, precum \u0219i alte materiale con\u021binute \u00een Gluten Advisor (denumite colectiv &#8222;con\u021binut&#8221;) sunt destinate exclusiv scopului informativ \u0219i nu pot fi utilizate ca \u00eenlocuitor al sfatului \u0219i\/sau informa\u021biilor profesionale, deoarece circumstan\u021bele vor varia de la o persoan\u0103 la alta. Nu ar trebui s\u0103 ac\u021biona\u021bi sau s\u0103 v\u0103 baza\u021bi pe aceste informa\u021bii f\u0103r\u0103 a solicita consiliere profesional\u0103. Nu \u00eencerca\u021bi s\u0103 \u00eentreprinde\u021bi niciuna dintre ac\u021biunile, solu\u021biile, remediile sau instruc\u021biunile sugerate care se g\u0103sesc \u00een aceast\u0103 aplica\u021bie f\u0103r\u0103 a v\u0103 consulta mai \u00eent\u00e2i cu un profesionist calificat. Materialele nu sunt destinate s\u0103 fie \u0219i nici nu constituie consultan\u021b\u0103 profesional\u0103 ac\u021bionabil\u0103. Dac\u0103 folosi\u021bi oricare dintre informa\u021biile pe care le oferim pe Gluten Advisor este pe propriul risc.     <\/p>\n\n<p>Exerci\u021biile fizice regulate nu sunt \u00eentotdeauna lipsite de riscuri, chiar \u0219i pentru persoanele s\u0103n\u0103toase. Anumite tipuri de exerci\u021bii fizice sunt mai riscante dec\u00e2t altele \u0219i toate exerci\u021biile fizice sunt riscante pentru unele persoane. <\/p>\n\n<p>La fel se \u00eent\u00e2mpl\u0103 \u0219i cu dieta. Unele recomand\u0103ri alimentare sunt s\u0103n\u0103toase pentru majoritatea persoanelor, dar poten\u021bial periculoase pentru altele. <\/p>\n\n<p>Exerci\u021biile oferite de Gluten Advisor sunt oferite doar \u00een scopuri educa\u021bionale \u0219i de divertisment \u0219i nu trebuie interpretate ca o recomandare pentru un anumit plan de tratament, produs sau curs de ac\u021biune. Exerci\u021biile fizice nu sunt lipsite de riscuri, iar acest program de exerci\u021bii sau orice alt program de exerci\u021bii fizice poate duce la r\u0103nire. Acestea includ, dar nu se limiteaz\u0103 la: riscul de r\u0103nire, agravarea unei afec\u021biuni preexistente sau efectul advers sau suprasolicitarea, cum ar fi \u00eencordarea muscular\u0103, tensiune arterial\u0103 anormal\u0103, le\u0219in, tulbur\u0103ri ale b\u0103t\u0103ilor inimii \u0219i cazuri foarte rare de atac de cord. Pentru a reduce riscul de r\u0103nire, \u00eenainte de a \u00eencepe acest program de exerci\u021bii fizice sau orice alt program de exerci\u021bii fizice, v\u0103 rug\u0103m s\u0103 consulta\u021bi un furnizor de servicii medicale pentru o prescrip\u021bie de exerci\u021bii fizice \u0219i m\u0103suri de siguran\u021b\u0103 adecvate. Instruc\u021biunile \u0219i sfaturile privind exerci\u021biile fizice prezentate nu sunt \u00een niciun caz menite s\u0103 \u00eenlocuiasc\u0103 un consult medical. Gluten Advisor \u00ee\u0219i declin\u0103 orice responsabilitate din \u0219i \u00een leg\u0103tur\u0103 cu acest program. Ca \u00een cazul oric\u0103rui program de exerci\u021bii fizice, dac\u0103 \u00een orice moment \u00een timpul antrenamentului \u00eencepe\u021bi s\u0103 v\u0103 sim\u021bi\u021bi le\u0219inat, ame\u021bit sau ave\u021bi disconfort fizic, trebuie s\u0103 v\u0103 opri\u021bi imediat \u0219i s\u0103 consulta\u021bi un medic.      <\/p>\n\n<h1 class=\"wp-block-heading\">Dezv\u0103luirea educa\u021bional\u0103<\/h1>\n\n<p>Orice informa\u021bie furnizat\u0103 de Gluten Advisor este doar \u00een scop educa\u021bional \u0219i nu trebuie interpretat\u0103 ca o recomandare pentru un anumit plan de tratament, produs sau curs de ac\u021biune. Gluten Advisor este un distribuitor \u0219i nu un editor al con\u021binutului furnizat de ter\u021bi; ca atare, Gluten Advisor nu exercit\u0103 niciun control editorial asupra acestui con\u021binut \u0219i nu ofer\u0103 nicio garan\u021bie sau declara\u021bie cu privire la acurate\u021bea, fiabilitatea sau actualitatea oric\u0103ror informa\u021bii sau con\u021binut educa\u021bional furnizat prin intermediul sau accesibil prin Gluten Advisor. F\u0103r\u0103 a limita cele de mai sus, Gluten Advisor \u00ee\u0219i declin\u0103 \u00een mod specific toate garan\u021biile \u0219i reprezent\u0103rile \u00een orice con\u021binut transmis pe sau \u00een leg\u0103tur\u0103 cu Gluten Advisor sau pe site-urile care pot ap\u0103rea ca linkuri pe Gluten Advisor, sau \u00een produsele furnizate ca parte a Gluten Advisor sau \u00een leg\u0103tur\u0103 cu acesta. Niciun sfat oral sau informa\u021bie scris\u0103 oferit\u0103 de Gluten Advisor sau de oricare dintre afilia\u021bii, angaja\u021bii, func\u021bionarii, directorii, directorii, agen\u021bii sau alte persoane similare ale acestuia nu va crea o garan\u021bie.   <\/p>\n\n<h1 class=\"wp-block-heading\">Dezv\u0103luirea publicit\u0103\u021bii<\/h1>\n\n<p>Aceast\u0103 aplica\u021bie poate con\u021bine reclame ale unor ter\u021be p\u0103r\u021bi \u0219i linkuri c\u0103tre site-uri ale unor ter\u021be p\u0103r\u021bi. Gluten Advisor nu face nicio declara\u021bie cu privire la acurate\u021bea sau caracterul adecvat al informa\u021biilor con\u021binute \u00een aceste reclame sau site-uri \u0219i nu \u00ee\u0219i asum\u0103 nicio responsabilitate sau r\u0103spundere pentru comportamentul sau con\u021binutul acestor reclame \u0219i site-uri \u0219i pentru ofertele f\u0103cute de ter\u021bi. <\/p>\n\n<p>Publicitatea face ca Gluten Advisor \u0219i multe dintre site-urile \u0219i serviciile pe care le utiliza\u021bi s\u0103 fie gratuite. Lucr\u0103m din greu pentru a ne asigura c\u0103 reclamele sunt sigure, discrete \u0219i c\u00e2t mai relevante posibil. <\/p>\n\n<p>Reclamele ter\u021bilor \u0219i linkurile c\u0103tre alte site-uri unde se face reclam\u0103 la bunuri sau servicii nu reprezint\u0103 aprob\u0103ri sau recomand\u0103ri din partea Gluten Advisor cu privire la site-urile, bunurile sau serviciile ter\u021bilor. Gluten Advisor nu \u00ee\u0219i asum\u0103 nicio responsabilitate pentru con\u021binutul reclamelor, pentru promisiunile f\u0103cute sau pentru calitatea\/fiabilitatea produselor sau serviciilor oferite \u00een toate reclamele. <\/p>\n\n<h1 class=\"wp-block-heading\">Dezv\u0103luirea m\u0103rturiilor<\/h1>\n\n<p>Orice m\u0103rturii furnizate pe aceast\u0103 platform\u0103 sunt opiniile celor care le ofer\u0103. Informa\u021biile furnizate \u00een m\u0103rturii nu trebuie s\u0103 se bazeze pe ele pentru a prezice rezultate \u00een situa\u021bia dumneavoastr\u0103 specific\u0103. Rezultatele pe care le ve\u021bi experimenta vor depinde de mul\u021bi factori, inclusiv, dar f\u0103r\u0103 a se limita la nivelul dumneavoastr\u0103 de responsabilitate personal\u0103, angajament \u0219i abilit\u0103\u021bi, \u00een plus fa\u021b\u0103 de acei factori pe care dumneavoastr\u0103 \u0219i\/sau Gluten Advisor s-ar putea s\u0103 nu \u00eei pute\u021bi anticipa.  <\/p>\n\n<p>Vom oferi m\u0103rturii sincere vizitatorilor no\u0219tri, indiferent de orice reducere. Orice produs sau serviciu pe care \u00eel test\u0103m sunt experien\u021be individuale, reflect\u00e2nd experien\u021be de via\u021b\u0103 reale. M\u0103rturiile ar putea fi afi\u0219ate pe suport audio, text sau video \u0219i nu sunt neap\u0103rat reprezentative pentru to\u021bi cei care vor folosi produsele \u0219i\/sau serviciile noastre.  <\/p>\n\n<p>Gluten Advisor nu garanteaz\u0103 acelea\u0219i rezultate ca \u0219i m\u0103rturiile prezentate pe platforma noastr\u0103. M\u0103rturiile prezentate pe Gluten Advisor sunt aplicabile persoanelor care le scriu \u0219i nu pot fi un indicator al succesului viitor al altor persoane. <\/p>\n\n<p>Nu ezita\u021bi s\u0103 ne contacta\u021bi dac\u0103 dori\u021bi s\u0103 afla\u021bi mai multe despre m\u0103rturii, reduceri sau despre oricare dintre produsele\/serviciile pe care le analiz\u0103m.<\/p>\n\n<h1 class=\"wp-block-heading\">Consim\u021b\u0103m\u00e2ntul dumneavoastr\u0103<\/h1>\n\n<p>Ne-am actualizat Exonerarea de r\u0103spundere pentru a v\u0103 oferi o transparen\u021b\u0103 complet\u0103 cu privire la ceea ce este setat atunci c\u00e2nd vizita\u021bi site-ul nostru \u0219i la modul \u00een care este utilizat. Utiliz\u00e2nd aplica\u021bia noastr\u0103, \u00eenregistr\u00e2nd un cont sau efectu\u00e2nd o achizi\u021bie, v\u0103 da\u021bi consim\u021b\u0103m\u00e2ntul pentru Disclaimer-ul nostru \u0219i sunte\u021bi de acord cu termenii acestuia. <\/p>\n\n<h1 class=\"wp-block-heading\">Modific\u0103ri ale Disclaimer-ului nostru<\/h1>\n\n<p>\u00cen cazul \u00een care actualiz\u0103m, modific\u0103m sau aducem modific\u0103ri acestui document, astfel \u00eenc\u00e2t s\u0103 reflecte cu exactitate Serviciul \u0219i politicile noastre. Cu excep\u021bia cazului \u00een care legea prevede altfel, aceste modific\u0103ri vor fi afi\u0219ate \u00een mod vizibil aici. Apoi, dac\u0103 ve\u021bi continua s\u0103 utiliza\u021bi Serviciul, ve\u021bi fi obligat s\u0103 respecta\u021bi prevederile Disclaimer-ului actualizat. Dac\u0103 nu dori\u021bi s\u0103 fi\u021bi de acord cu acest Disclaimer sau cu orice Disclaimer actualizat, v\u0103 pute\u021bi \u0219terge contul.   <\/p>\n\n<h1 class=\"wp-block-heading\">Contact<\/h1>\n\n<p>Nu ezita\u021bi s\u0103 ne contacta\u021bi dac\u0103 ave\u021bi \u00eentreb\u0103ri cu privire la acest Disclaimer.<\/p>\n\n<ul class=\"wp-block-list\">\n<li>Pe mail: r<a href=\"mailto:radu@localhost\">adu@localhost<\/a><\/li>\n\n\n\n<li>Utilizand acest link: <a href=\"https:\/\/thegfrecipesapi.go.ro\/contact\/\">https:\/\/thegfrecipesapi.go.ro\/ro\/contacteaza-thegfrecipes\/<\/a><\/li>\n<\/ul>\n","protected":false},"excerpt":{"rendered":"<p>Actializate la 24-03-2023 Gluten Advisor &amp; The GF Recipes v\u0103 ofer\u0103 prin prezenta acces la (&#8222;Aplica\u021bia&#8221; \u0219i &#8222;Site-ul&#8221;) \u0219i v\u0103 invit\u0103 s\u0103 achizi\u021biona\u021bi serviciile oferite aici. Defini\u021bii \u0219i termeni cheie Pentru a ajuta la explicarea c\u00e2t mai clar\u0103 a lucrurilor \u00een acest Disclaimer, de fiecare dat\u0103 c\u00e2nd se face referire la oricare dintre ace\u0219ti termeni,&#8230;<\/p>\n<div class=\" [&hellip;]\"><a href=\"https:\/\/thegfrecipesapi.go.ro\/ro\/exonerare-raspundere\/\">Cite\u0219te mai mult<\/a><\/div>\n","protected":false},"author":2,"featured_media":0,"parent":0,"menu_order":0,"comment_status":"closed","ping_status":"closed","template":"","meta":{"footnotes":""},"class_list":["post-109199","page","type-page","status-publish","hentry"],"acf":{"sub_title":"","show_featured_recipes_slider":false,"featured_recipes":null,"featured_recipes_background_image":null,"featured_recipes_layout_type":"mixed","make_featured_recipes_fixed_width":false,"background_image":null,"background_image_size":"default","parallax_background":"default","enable_custom_header_settings":false,"top_menu_type":"version_1","logo_image":null,"logo_image_width":210},"default_slug":"disclaimer","_links":{"self":[{"href":"https:\/\/thegfrecipesapi.go.ro\/ro\/wp-json\/wp\/v2\/pages\/109199","targetHints":{"allow":["GET"]}}],"collection":[{"href":"https:\/\/thegfrecipesapi.go.ro\/ro\/wp-json\/wp\/v2\/pages"}],"about":[{"href":"https:\/\/thegfrecipesapi.go.ro\/ro\/wp-json\/wp\/v2\/types\/page"}],"author":[{"embeddable":true,"href":"https:\/\/thegfrecipesapi.go.ro\/ro\/wp-json\/wp\/v2\/users\/2"}],"replies":[{"embeddable":true,"href":"https:\/\/thegfrecipesapi.go.ro\/ro\/wp-json\/wp\/v2\/comments?post=109199"}],"version-history":[{"count":19,"href":"https:\/\/thegfrecipesapi.go.ro\/ro\/wp-json\/wp\/v2\/pages\/109199\/revisions"}],"predecessor-version":[{"id":127335,"href":"https:\/\/thegfrecipesapi.go.ro\/ro\/wp-json\/wp\/v2\/pages\/109199\/revisions\/127335"}],"wp:attachment":[{"href":"https:\/\/thegfrecipesapi.go.ro\/ro\/wp-json\/wp\/v2\/media?parent=109199"}],"curies":[{"name":"wp","href":"https:\/\/api.w.org\/{rel}","templated":true}]}}