{"id":120100,"date":"2023-03-13T09:10:45","date_gmt":"2023-03-13T07:10:45","guid":{"rendered":"https:\/\/thegfrecipesapi.go.ro\/contactez-thegfrecipes\/"},"modified":"2023-09-17T15:38:56","modified_gmt":"2023-09-17T13:38:56","slug":"contactez-thegfrecipes","status":"publish","type":"page","link":"https:\/\/thegfrecipesapi.go.ro\/fr\/contactez-thegfrecipes\/","title":{"rendered":"Contactez-nous"},"content":{"rendered":"<div class=\"wp-block-image\">\n<figure class=\"aligncenter size-full is-resized\"><img decoding=\"async\" src=\"https:\/\/thegfrecipesapi.go.ro\/wp-content\/uploads\/2023\/06\/Contact-theGFrecipes-1.jpg\" alt=\"Vue de haut en bas de certains blocs de Contact theGFrecipes\" class=\"wp-image-119293\" style=\"width:487px;height:325px\" width=\"487\" height=\"325\" srcset=\"https:\/\/thegfrecipesapi.go.ro\/wp-content\/uploads\/2023\/06\/Contact-theGFrecipes-1.jpg 1000w, https:\/\/thegfrecipesapi.go.ro\/wp-content\/uploads\/2023\/06\/Contact-theGFrecipes-1-300x200.jpg 300w, https:\/\/thegfrecipesapi.go.ro\/wp-content\/uploads\/2023\/06\/Contact-theGFrecipes-1-768x512.jpg 768w, https:\/\/thegfrecipesapi.go.ro\/wp-content\/uploads\/2023\/06\/Contact-theGFrecipes-1-500x334.jpg 500w\" sizes=\"(max-width: 487px) 100vw, 487px\" \/><\/figure>\n<\/div>\n<p>Nous appr\u00e9cions vos commentaires, suggestions et questions, et nous sommes ravis de rester en contact avec nos lecteurs. Que vous ayez une demande de recette, souhaitiez collaborer, ou simplement dire bonjour, c&rsquo;est l&rsquo;endroit id\u00e9al pour nous contacter. <\/p>\n\n<p>Nous croyons en l&rsquo;encouragement d&rsquo;une communaut\u00e9 dynamique, et nous vous encourageons \u00e0 partager vos r\u00e9flexions, exp\u00e9riences et id\u00e9es li\u00e9es \u00e0 la cuisine et \u00e0 la p\u00e2tisserie sans gluten. Notre \u00e9quipe d\u00e9vou\u00e9e est passionn\u00e9e par la cr\u00e9ation de recettes d\u00e9licieuses et nutritives qui r\u00e9pondent \u00e0 divers besoins alimentaires, et nous sommes l\u00e0 pour vous soutenir dans votre parcours culinaire. <\/p>\n\n<p>Pour nous contacter, veuillez remplir le formulaire de contact ci-dessous. Nous nous effor\u00e7ons de r\u00e9pondre rapidement \u00e0 toutes les demandes et de vous fournir l&rsquo;assistance dont vous avez besoin. Vos commentaires sont pr\u00e9cieux pour nous alors que nous travaillons continuellement \u00e0 am\u00e9liorer votre exp\u00e9rience sur theGFrecipes.  <\/p>\n<p>[contact-form-7 id=\u00a0\u00bb119276&Prime; title=\u00a0\u00bbContact form 1&Prime;]<\/p>\n","protected":false},"excerpt":{"rendered":"<p>Nous appr\u00e9cions vos commentaires, suggestions et questions, et nous sommes ravis de rester en contact avec nos lecteurs. Que vous ayez une demande de recette, souhaitiez collaborer, ou simplement dire bonjour, c&rsquo;est l&rsquo;endroit id\u00e9al pour nous contacter. Nous croyons en l&rsquo;encouragement d&rsquo;une communaut\u00e9 dynamique, et nous vous encourageons \u00e0 partager vos r\u00e9flexions, exp\u00e9riences et id\u00e9es&#8230;<\/p>\n<div class=\" [&hellip;]\"><a href=\"https:\/\/thegfrecipesapi.go.ro\/fr\/contactez-thegfrecipes\/\">Lire la suite<\/a><\/div>\n","protected":false},"author":2,"featured_media":0,"parent":0,"menu_order":0,"comment_status":"closed","ping_status":"closed","template":"","meta":{"footnotes":""},"class_list":["post-120100","page","type-page","status-publish","hentry"],"acf":{"sub_title":"","show_featured_recipes_slider":false,"featured_recipes":null,"featured_recipes_background_image":null,"featured_recipes_layout_type":"mixed","make_featured_recipes_fixed_width":false,"background_image":null,"background_image_size":"default","parallax_background":"default","enable_custom_header_settings":false,"top_menu_type":"version_1","logo_image":null,"logo_image_width":210},"default_slug":"contact-thegfrecipes","_links":{"self":[{"href":"https:\/\/thegfrecipesapi.go.ro\/fr\/wp-json\/wp\/v2\/pages\/120100","targetHints":{"allow":["GET"]}}],"collection":[{"href":"https:\/\/thegfrecipesapi.go.ro\/fr\/wp-json\/wp\/v2\/pages"}],"about":[{"href":"https:\/\/thegfrecipesapi.go.ro\/fr\/wp-json\/wp\/v2\/types\/page"}],"author":[{"embeddable":true,"href":"https:\/\/thegfrecipesapi.go.ro\/fr\/wp-json\/wp\/v2\/users\/2"}],"replies":[{"embeddable":true,"href":"https:\/\/thegfrecipesapi.go.ro\/fr\/wp-json\/wp\/v2\/comments?post=120100"}],"version-history":[{"count":4,"href":"https:\/\/thegfrecipesapi.go.ro\/fr\/wp-json\/wp\/v2\/pages\/120100\/revisions"}],"predecessor-version":[{"id":120114,"href":"https:\/\/thegfrecipesapi.go.ro\/fr\/wp-json\/wp\/v2\/pages\/120100\/revisions\/120114"}],"wp:attachment":[{"href":"https:\/\/thegfrecipesapi.go.ro\/fr\/wp-json\/wp\/v2\/media?parent=120100"}],"curies":[{"name":"wp","href":"https:\/\/api.w.org\/{rel}","templated":true}]}}