{"id":120120,"date":"2023-03-13T09:10:45","date_gmt":"2023-03-13T07:10:45","guid":{"rendered":"https:\/\/thegfrecipesapi.go.ro\/contacta-a-thegfrecipes\/"},"modified":"2023-09-17T15:56:13","modified_gmt":"2023-09-17T13:56:13","slug":"contacta-a-thegfrecipes","status":"publish","type":"page","link":"https:\/\/thegfrecipesapi.go.ro\/es\/contacta-a-thegfrecipes\/","title":{"rendered":"Contacto"},"content":{"rendered":"<div class=\"wp-block-image\">\n<figure class=\"aligncenter size-full is-resized\"><img decoding=\"async\" src=\"https:\/\/thegfrecipesapi.go.ro\/wp-content\/uploads\/2023\/06\/Contact-theGFrecipes-1.jpg\" alt=\"Vista desde arriba de un bloque &quot;Contacta con theGFrecipes&quot;\" class=\"wp-image-119293\" style=\"width:487px;height:325px\" width=\"487\" height=\"325\" srcset=\"https:\/\/thegfrecipesapi.go.ro\/wp-content\/uploads\/2023\/06\/Contact-theGFrecipes-1.jpg 1000w, https:\/\/thegfrecipesapi.go.ro\/wp-content\/uploads\/2023\/06\/Contact-theGFrecipes-1-300x200.jpg 300w, https:\/\/thegfrecipesapi.go.ro\/wp-content\/uploads\/2023\/06\/Contact-theGFrecipes-1-768x512.jpg 768w, https:\/\/thegfrecipesapi.go.ro\/wp-content\/uploads\/2023\/06\/Contact-theGFrecipes-1-500x334.jpg 500w\" sizes=\"(max-width: 487px) 100vw, 487px\" \/><\/figure>\n<\/div>\n<p>Valoramos sus comentarios, sugerencias y preguntas, y estamos emocionados de conectarnos con nuestros lectores. Ya sea que tenga una solicitud de receta, quiera colaborar o simplemente quiera saludar, este es el lugar perfecto para ponerse en contacto con nosotros. <\/p>\n\n<p>Creemos en fomentar una comunidad vibrante y te animamos a compartir tus pensamientos, experiencias e ideas relacionadas con la cocina y la reposter\u00eda sin gluten. Nuestro equipo dedicado est\u00e1 apasionado por crear recetas deliciosas y nutritivas que satisfagan diversas necesidades diet\u00e9ticas, y estamos aqu\u00ed para apoyarte en tu viaje culinario. <\/p>\n\n<p>Para ponerse en contacto con nosotros, por favor complete el formulario de contacto a continuaci\u00f3n. Nos esforzamos por responder a todas las consultas de manera r\u00e1pida y proporcionarle la asistencia que necesita. Sus comentarios son invaluables para nosotros, ya que trabajamos continuamente para mejorar su experiencia en theGFrecipes y en la aplicaci\u00f3n Gluten Advisor.  <\/p>\n<p>[contact-form-7 id=\u00bb119276&#8243; title=\u00bbContact form 1&#8243;]<\/p>\n","protected":false},"excerpt":{"rendered":"<p>Valoramos sus comentarios, sugerencias y preguntas, y estamos emocionados de conectarnos con nuestros lectores. Ya sea que tenga una solicitud de receta, quiera colaborar o simplemente quiera saludar, este es el lugar perfecto para ponerse en contacto con nosotros. Creemos en fomentar una comunidad vibrante y te animamos a compartir tus pensamientos, experiencias e ideas&#8230;<\/p>\n<div class=\" [&hellip;]\"><a href=\"https:\/\/thegfrecipesapi.go.ro\/es\/contacta-a-thegfrecipes\/\">Leer m\u00e1s<\/a><\/div>\n","protected":false},"author":2,"featured_media":0,"parent":0,"menu_order":0,"comment_status":"closed","ping_status":"closed","template":"","meta":{"footnotes":""},"class_list":["post-120120","page","type-page","status-publish","hentry"],"acf":{"sub_title":"","show_featured_recipes_slider":false,"featured_recipes":null,"featured_recipes_background_image":null,"featured_recipes_layout_type":"mixed","make_featured_recipes_fixed_width":false,"background_image":null,"background_image_size":"default","parallax_background":"default","enable_custom_header_settings":false,"top_menu_type":"version_1","logo_image":null,"logo_image_width":210},"default_slug":"contact-thegfrecipes","_links":{"self":[{"href":"https:\/\/thegfrecipesapi.go.ro\/es\/wp-json\/wp\/v2\/pages\/120120","targetHints":{"allow":["GET"]}}],"collection":[{"href":"https:\/\/thegfrecipesapi.go.ro\/es\/wp-json\/wp\/v2\/pages"}],"about":[{"href":"https:\/\/thegfrecipesapi.go.ro\/es\/wp-json\/wp\/v2\/types\/page"}],"author":[{"embeddable":true,"href":"https:\/\/thegfrecipesapi.go.ro\/es\/wp-json\/wp\/v2\/users\/2"}],"replies":[{"embeddable":true,"href":"https:\/\/thegfrecipesapi.go.ro\/es\/wp-json\/wp\/v2\/comments?post=120120"}],"version-history":[{"count":1,"href":"https:\/\/thegfrecipesapi.go.ro\/es\/wp-json\/wp\/v2\/pages\/120120\/revisions"}],"predecessor-version":[{"id":120121,"href":"https:\/\/thegfrecipesapi.go.ro\/es\/wp-json\/wp\/v2\/pages\/120120\/revisions\/120121"}],"wp:attachment":[{"href":"https:\/\/thegfrecipesapi.go.ro\/es\/wp-json\/wp\/v2\/media?parent=120120"}],"curies":[{"name":"wp","href":"https:\/\/api.w.org\/{rel}","templated":true}]}}