{"id":119944,"date":"2023-03-25T00:48:30","date_gmt":"2023-03-24T22:48:30","guid":{"rendered":"https:\/\/thegfrecipesapi.go.ro\/descargo-de-responsabilidad\/"},"modified":"2024-03-17T23:28:16","modified_gmt":"2024-03-17T21:28:16","slug":"nota-informativa","status":"publish","type":"page","link":"https:\/\/thegfrecipesapi.go.ro\/es\/nota-informativa\/","title":{"rendered":"Descargo de responsabilidad"},"content":{"rendered":"\n<p>Actualizado en 2023-03-24<\/p>\n\n<p>Por la presente, Gluten Advisor &amp; The GF Recipes le concede acceso a (\u00abLa Aplicaci\u00f3n\u00bb y \u00abel Sitio Web\u00bb) y le invita a adquirir los servicios que aqu\u00ed se ofrecen.<\/p>\n\n<h1 class=\"wp-block-heading\">Definiciones y t\u00e9rminos clave<\/h1>\n\n<p>Para ayudar a explicar las cosas lo m\u00e1s claramente posible en este Descargo de Responsabilidad, cada vez que se haga referencia a cualquiera de estos t\u00e9rminos, se definen estrictamente como:<\/p>\n\n<ul class=\"wp-block-list\">\n<li>Cookie: peque\u00f1a cantidad de datos generada por un sitio web y guardada por su navegador. Se utiliza para identificar su navegador, proporcionar an\u00e1lisis, recordar informaci\u00f3n sobre usted, como su preferencia de idioma o informaci\u00f3n de inicio de sesi\u00f3n. <\/li>\n\n\n\n<li>Empresa: cuando esta pol\u00edtica menciona \u00abEmpresa\u00bb, \u00abnosotros\u00bb, \u00abnos\u00bb o \u00abnuestro\u00bb, se refiere a Exponential Financial Consult S.R.L., Str. Gheorghe Doja, Nr. 1, Bloc 37D, Ploiesti, Prahova, Ruman\u00eda, que es responsable de su informaci\u00f3n en virtud del presente Aviso Legal. <\/li>\n\n\n\n<li>Servicio: se refiere al servicio prestado por Gluten Advisor tal y como se describe en las condiciones relativas (si est\u00e1n disponibles) y en esta plataforma.<\/li>\n\n\n\n<li>Sitio web: sitio al que se puede acceder a trav\u00e9s de esta URL:<\/li>\n\n\n\n<li>Usted: persona o entidad registrada en Gluten Advisor para utilizar los Servicios.<\/li>\n<\/ul>\n\n<h1 class=\"wp-block-heading\">Responsabilidad limitada<\/h1>\n\n<p>Gluten Advisor se esfuerza por actualizar y\/o completar peri\u00f3dicamente el contenido de la aplicaci\u00f3n. A pesar de nuestro cuidado y atenci\u00f3n, el contenido puede estar incompleto y\/o ser incorrecto. <\/p>\n\n<p>Los materiales ofrecidos en la app se ofrecen sin ning\u00fan tipo de garant\u00eda o reclamaci\u00f3n sobre su exactitud. Estos materiales pueden modificarse en cualquier momento sin previo aviso por parte de Gluten Advisor. <\/p>\n\n<p>En particular, todos los precios de la aplicaci\u00f3n est\u00e1n sujetos a errores tipogr\u00e1ficos y de programaci\u00f3n. No se asume ninguna responsabilidad por las consecuencias de dichos errores. No se celebrar\u00e1 ning\u00fan acuerdo sobre la base de dichos errores.  <\/p>\n\n<p>Gluten Advisor no asumir\u00e1 responsabilidad alguna por los hiperv\u00ednculos a sitios web o servicios de terceros incluidos en la app. Desde nuestra aplicaci\u00f3n, puede visitar otros sitios web siguiendo los hiperv\u00ednculos a dichos sitios externos. Aunque nos esforzamos por ofrecer \u00fanicamente enlaces de calidad a sitios web \u00fatiles y \u00e9ticos, no tenemos ning\u00fan control sobre el contenido y la naturaleza de estos sitios. Estos enlaces a otros sitios web no implican una recomendaci\u00f3n de todos los contenidos que se encuentran en ellos. Los propietarios de los sitios y su contenido pueden cambiar sin previo aviso y puede ocurrir antes de que tengamos la oportunidad de eliminar un enlace que pueda haber salido \u00abmalo\u00bb.    <\/p>\n\n<p>Tenga tambi\u00e9n en cuenta que cuando abandona nuestra aplicaci\u00f3n, otros sitios pueden tener pol\u00edticas de privacidad y condiciones diferentes que escapan a nuestro control. Aseg\u00farese de consultar las pol\u00edticas de privacidad de estos sitios, as\u00ed como sus \u00abCondiciones de servicio\u00bb, antes de participar en cualquier negocio o cargar cualquier informaci\u00f3n. <\/p>\n\n<h1 class=\"wp-block-heading\">Enlaces a otros sitios web Aviso legal<\/h1>\n\n<p>El presente Aviso Legal se aplica \u00fanicamente a los Servicios. Los Servicios pueden contener enlaces a otros sitios web no gestionados ni controlados por Gluten Advisor. No nos hacemos responsables del contenido, exactitud u opiniones expresadas en dichos sitios web, y no investigamos, supervisamos ni comprobamos la exactitud o integridad de los mismos. Recuerde que cuando utilice un enlace para ir de los Servicios a otro sitio web, nuestra Pol\u00edtica de Privacidad dejar\u00e1 de estar en vigor. Su navegaci\u00f3n e interacci\u00f3n en cualquier otro sitio web, incluidos los que tienen un enlace en nuestra plataforma, est\u00e1 sujeta a las propias normas y pol\u00edticas de ese sitio web. Estos terceros pueden utilizar sus propias cookies u otros m\u00e9todos para recopilar informaci\u00f3n sobre usted. Si hace clic en el enlace de un tercero, ser\u00e1 dirigido al sitio web de ese tercero. Le recomendamos encarecidamente que revise la pol\u00edtica de privacidad y las condiciones de cada sitio que visite.       <\/p>\n\n<p>No tenemos ning\u00fan control ni asumimos ninguna responsabilidad por el contenido, las pol\u00edticas de privacidad o las pr\u00e1cticas de los sitios o servicios de terceros.<\/p>\n\n<h1 class=\"wp-block-heading\">Descargo de responsabilidad por errores y omisiones<\/h1>\n\n<p>Gluten Advisor no se hace responsable de ning\u00fan contenido, c\u00f3digo o cualquier otra imprecisi\u00f3n.<\/p>\n\n<p>Gluten Advisor no ofrece garant\u00edas.<\/p>\n\n<p>En ning\u00fan caso Gluten Advisor ser\u00e1 responsable de ning\u00fan da\u00f1o especial, directo, indirecto, consecuencial o incidental, ni de ning\u00fan da\u00f1o, ya sea contractual, por negligencia u otro agravio, derivado o relacionado con el uso del Servicio o de los contenidos del Servicio. Gluten Advisor se reserva el derecho a realizar adiciones, supresiones o modificaciones en los contenidos del Servicio en cualquier momento y sin previo aviso. <\/p>\n\n<h1 class=\"wp-block-heading\">Descargo de responsabilidad general<\/h1>\n\n<p>El Servicio Gluten Advisor y sus contenidos se proporcionan \u00abtal cual\u00bb y \u00abseg\u00fan disponibilidad\u00bb, sin garant\u00edas ni representaciones de ning\u00fan tipo, ya sean expresas o impl\u00edcitas. Gluten Advisor es un distribuidor y no un editor del contenido suministrado por terceros; como tal, Gluten Advisor no ejerce ning\u00fan control editorial sobre dicho contenido y no ofrece ninguna garant\u00eda o representaci\u00f3n en cuanto a la exactitud, fiabilidad o actualidad de cualquier informaci\u00f3n, contenido, servicio o mercanc\u00eda proporcionada a trav\u00e9s o accesible a trav\u00e9s del Servicio Gluten Advisor. Sin perjuicio de lo anterior, Gluten Advisor renuncia espec\u00edficamente a todas las garant\u00edas y representaciones en cualquier contenido transmitido en o en relaci\u00f3n con el Servicio Gluten Advisor o en sitios que puedan aparecer como enlaces en el Servicio Gluten Advisor, o en los productos proporcionados como parte de, o de otro modo en relaci\u00f3n con, el Servicio Gluten Advisor, incluyendo sin limitaci\u00f3n cualquier garant\u00eda de comerciabilidad, idoneidad para un prop\u00f3sito particular o no infracci\u00f3n de derechos de terceros. Ning\u00fan consejo oral o informaci\u00f3n escrita facilitada por Gluten Advisor o cualquiera de sus filiales, empleados, directivos, directores, agentes o similares crear\u00e1 una garant\u00eda. La informaci\u00f3n sobre precios y disponibilidad est\u00e1 sujeta a cambios sin previo aviso. Sin perjuicio de lo anterior, Gluten Advisor no garantiza que el Servicio Gluten Advisor sea ininterrumpido, ininterrumpido, puntual o libre de errores.     <\/p>\n\n<h1 class=\"wp-block-heading\">Descargo de responsabilidad<\/h1>\n\n<p>Todos los derechos de propiedad intelectual relativos a estos materiales corresponden a Gluten Advisor. La copia, distribuci\u00f3n y cualquier otro uso de estos materiales no est\u00e1 permitido sin el permiso por escrito de Gluten Advisor, excepto y s\u00f3lo en la medida en que se disponga lo contrario en normas de derecho imperativo (como el derecho de cita), salvo que se indique lo contrario para determinados materiales. <\/p>\n\n<h1 class=\"wp-block-heading\">Divulgaci\u00f3n de enlaces de afiliados<\/h1>\n\n<p>Gluten Advisor tiene enlaces de afiliados y en esta secci\u00f3n del Aviso Legal abordaremos c\u00f3mo utilizamos esos enlaces de afiliados de otros sitios web\/empresas y productos. Estos \u00abenlaces de afiliados\u00bb son URL espec\u00edficas que contienen el ID o nombre de usuario del afiliado. <\/p>\n\n<p>En cumplimiento de las directrices de la FTC, le rogamos que asuma lo siguiente en relaci\u00f3n con los enlaces y publicaciones de este sitio:<\/p>\n\n<ul class=\"wp-block-list\">\n<li>Todos\/algunos de los enlaces de Gluten Advisor son enlaces de afiliados de los que recibimos una peque\u00f1a comisi\u00f3n por las ventas de ciertos art\u00edculos, pero el precio es el mismo para ti. A medida que Gluten Advisor ha ido creciendo, tambi\u00e9n lo han hecho los costes asociados a su funcionamiento y mantenimiento, y los enlaces de afiliados son una forma de ayudarnos a compensar estos costes. <\/li>\n\n\n\n<li>Si publicamos un enlace de afiliado a un producto, se trata de algo que utilizamos personalmente, apoyamos y recomendar\u00edamos sin enlace de afiliado.<\/li>\n\n\n\n<li>A menos que se indique lo contrario, todas las rese\u00f1as son de art\u00edculos que hemos comprado y no recibimos ning\u00fan tipo de pago o compensaci\u00f3n.<\/li>\n<\/ul>\n\n<p>Podemos participar en programas de afiliaci\u00f3n como:<\/p>\n\n<ul class=\"wp-block-list\">\n<li>Programa de Asociados de Amazon<\/li>\n\n\n\n<li>Otros<\/li>\n<\/ul>\n\n<h1 class=\"wp-block-heading\">Divulgaci\u00f3n sanitaria<\/h1>\n\n<p>La informaci\u00f3n contenida en esta aplicaci\u00f3n, como textos, gr\u00e1ficos, im\u00e1genes y otros materiales creados por Gluten Advisor u obtenidos de sus licenciantes, as\u00ed como otros materiales incluidos en Gluten Advisor (colectivamente, \u00abcontenido\u00bb), est\u00e1 destinada \u00fanicamente a fines informativos y no puede utilizarse como sustituto de asesoramiento y\/o informaci\u00f3n profesional, ya que las circunstancias variar\u00e1n de una persona a otra. No debe actuar o basarse en esta informaci\u00f3n sin buscar asesoramiento profesional. No intente ninguna de las acciones, soluciones, remedios o instrucciones sugeridas que se encuentran en esta aplicaci\u00f3n sin antes consultar con un profesional cualificado. Los materiales no pretenden ser ni constituyen asesoramiento profesional procesable. La transmisi\u00f3n de esta informaci\u00f3n no pretende crear una relaci\u00f3n profesional-cliente entre Level Up Enterprises y usted. Los propietarios, editores, colaboradores, administradores y dem\u00e1s personal de Level Up Enterprises no son profesionales cualificados y se limitan a agregar informaci\u00f3n que se encuentra en l\u00ednea \u00fanicamente con fines informativos.     <\/p>\n\n<p>Si cree que puede tener una urgencia m\u00e9dica, llame a su m\u00e9dico o al 911 inmediatamente. Gluten Advisor no recomienda ni respalda ninguna prueba espec\u00edfica, m\u00e9dico, producto, procedimiento, opini\u00f3n u otra informaci\u00f3n que pueda mencionarse en la aplicaci\u00f3n. La confianza depositada en cualquier informaci\u00f3n proporcionada por Gluten Advisor, los empleados de Gluten Advisor, otras personas que aparezcan en la aplicaci\u00f3n por invitaci\u00f3n de Gluten Advisor u otros visitantes de la aplicaci\u00f3n corre exclusivamente por su cuenta y riesgo.  <\/p>\n\n<p>Todos los locales presentados en la aplicaci\u00f3n, tanto presentes como futuros, son meras recomendaciones realizadas en base a un proceso de selecci\u00f3n satisfactorio para las personas cel\u00edacas. Dado que no podemos controlar lo que ocurre en estos lugares (como qui\u00e9n trabaja en la cocina, qui\u00e9n sirve la comida y muchos otros factores), aceptar el uso de esta funcionalidad de la aplicaci\u00f3n implica su propia responsabilidad. Por favor, sea consciente de ello y tome decisiones informadas cuando utilice la aplicaci\u00f3n.  <\/p>\n\n<h1 class=\"wp-block-heading\">Informaci\u00f3n sobre fitness<\/h1>\n\n<p>Lee esta informaci\u00f3n sobre Fitness antes de utilizar la aplicaci\u00f3n.<\/p>\n\n<p>Mostramos informaci\u00f3n sobre Fitness y asesoramiento nutricional. La informaci\u00f3n contenida en esta aplicaci\u00f3n, como textos, gr\u00e1ficos, im\u00e1genes y otros materiales creados por Gluten Advisor u obtenidos de sus licenciantes, as\u00ed como otros materiales incluidos en Gluten Advisor (colectivamente, \u00abcontenido\u00bb), est\u00e1 destinada \u00fanicamente a fines informativos y no puede utilizarse como sustituto de asesoramiento y\/o informaci\u00f3n profesional, ya que las circunstancias variar\u00e1n de una persona a otra. No debe actuar o basarse en esta informaci\u00f3n sin buscar asesoramiento profesional. No intente ninguna de las acciones, soluciones, remedios o instrucciones sugeridas que se encuentran en esta aplicaci\u00f3n sin antes consultar con un profesional cualificado. Los materiales no pretenden ser ni constituyen asesoramiento profesional procesable. Si utiliza la informaci\u00f3n que le proporcionamos en Gluten Advisor, lo har\u00e1 por su cuenta y riesgo.     <\/p>\n\n<p>El ejercicio regular no siempre est\u00e1 exento de riesgos, incluso para las personas sanas. Ciertos tipos de ejercicio son m\u00e1s arriesgados que otros y todo ejercicio es arriesgado para algunas personas. <\/p>\n\n<p>Lo mismo ocurre con la dieta. Algunas recomendaciones diet\u00e9ticas son saludables para la mayor\u00eda de las personas, pero potencialmente peligrosas para otras. <\/p>\n\n<p>Los ejercicios proporcionados por Gluten Advisor son s\u00f3lo para fines educativos y de entretenimiento, y no deben interpretarse como una recomendaci\u00f3n para un plan de tratamiento espec\u00edfico, producto o curso de acci\u00f3n. El ejercicio no est\u00e1 exento de riesgos, y \u00e9ste o cualquier otro programa de ejercicios puede provocar lesiones. Estos riesgos incluyen, entre otros: riesgo de lesi\u00f3n, agravamiento de una enfermedad preexistente o efecto adverso o sobreesfuerzo, como distensi\u00f3n muscular, tensi\u00f3n arterial anormal, desmayos, trastornos del ritmo cardiaco y, en muy raras ocasiones, infarto de miocardio. Para reducir el riesgo de lesiones, antes de comenzar este o cualquier programa de ejercicios, consulte a un profesional sanitario para que le prescriba los ejercicios adecuados y le indique las precauciones de seguridad. Las instrucciones y consejos sobre ejercicios presentados no pretenden en ning\u00fan caso sustituir la consulta m\u00e9dica. Gluten Advisor declina toda responsabilidad derivada de este programa o relacionada con \u00e9l. Al igual que con cualquier programa de ejercicio, si en alg\u00fan momento durante su entrenamiento comienza a sentirse d\u00e9bil, mareado o con malestar f\u00edsico, debe parar inmediatamente y consultar a un m\u00e9dico.      <\/p>\n\n<h1 class=\"wp-block-heading\">Divulgaci\u00f3n educativa<\/h1>\n\n<p>Cualquier informaci\u00f3n proporcionada por Gluten Advisor es s\u00f3lo para fines educativos, y no debe interpretarse como una recomendaci\u00f3n para un plan de tratamiento espec\u00edfico, producto o curso de acci\u00f3n. Gluten Advisor es un distribuidor y no un editor del contenido suministrado por terceros; como tal, Gluten Advisor no ejerce ning\u00fan control editorial sobre dicho contenido y no ofrece ninguna garant\u00eda o representaci\u00f3n en cuanto a la exactitud, fiabilidad o actualidad de cualquier informaci\u00f3n o contenido educativo proporcionado a trav\u00e9s de Gluten Advisor o accesible a trav\u00e9s de Gluten Advisor. Sin limitar lo anterior, Gluten Advisor rechaza espec\u00edficamente todas las garant\u00edas y representaciones en cualquier contenido transmitido en o en relaci\u00f3n con Gluten Advisor o en sitios que puedan aparecer como enlaces en Gluten Advisor, o en los productos proporcionados como parte de, o de otro modo en relaci\u00f3n con, el Gluten Advisor. Ning\u00fan consejo oral o informaci\u00f3n escrita facilitada por Gluten Advisor o cualquiera de sus filiales, empleados, directivos, directores, agentes o similares crear\u00e1 una garant\u00eda.   <\/p>\n\n<h1 class=\"wp-block-heading\">Divulgaci\u00f3n de publicidad<\/h1>\n\n<p>Esta aplicaci\u00f3n puede contener anuncios de terceros y enlaces a sitios web de terceros. Gluten Advisor no hace ninguna declaraci\u00f3n sobre la exactitud o idoneidad de la informaci\u00f3n contenida en dichos anuncios o sitios y no acepta ninguna responsabilidad por la conducta o el contenido de dichos anuncios y sitios y las ofertas realizadas por terceros. <\/p>\n\n<p>La publicidad mantiene la gratuidad de Gluten Advisor y de muchos de los sitios web y servicios que usted utiliza. Trabajamos duro para asegurarnos de que los anuncios sean seguros, discretos y lo m\u00e1s relevantes posible. <\/p>\n\n<p>Los anuncios de terceros y los enlaces a otros sitios en los que se anuncian bienes o servicios no constituyen una aprobaci\u00f3n o recomendaci\u00f3n por parte de Gluten Advisor de los sitios, bienes o servicios de terceros. Gluten Advisor no asume responsabilidad alguna por el contenido de los anuncios, las promesas realizadas o la calidad\/fiabilidad de los productos o servicios ofrecidos en todos los anuncios. <\/p>\n\n<h1 class=\"wp-block-heading\">Divulgaci\u00f3n de testimonios<\/h1>\n\n<p>Los testimonios ofrecidos en esta plataforma son opiniones de quienes los ofrecen. No se debe confiar en la informaci\u00f3n proporcionada en los testimonios para predecir resultados en su situaci\u00f3n espec\u00edfica. Los resultados que experimente depender\u00e1n de muchos factores, incluidos, entre otros, su nivel de responsabilidad personal, compromiso y capacidades, adem\u00e1s de aquellos factores que usted y\/o Gluten Advisor no puedan prever.  <\/p>\n\n<p>Daremos testimonios honestos a nuestros visitantes independientemente de cualquier descuento. Cualquier producto o servicio que probemos son experiencias individuales, que reflejan experiencias de la vida real. Los testimonios podr\u00edan mostrarse en audio, texto o v\u00eddeo y no son necesariamente representativos de todos los que utilicen nuestros productos y\/o servicios.  <\/p>\n\n<p>Gluten Advisor no garantiza los mismos resultados que los testimonios presentados en nuestra plataforma. Los testimonios presentados en Gluten Advisor son aplicables a las personas que los escriben y no pueden ser indicativos del \u00e9xito futuro de otras personas. <\/p>\n\n<p>No dude en ponerse en contacto con nosotros si desea m\u00e1s informaci\u00f3n sobre testimonios, descuentos o cualquiera de los productos\/servicios que rese\u00f1amos.<\/p>\n\n<h1 class=\"wp-block-heading\">Tu Consentimiento<\/h1>\n\n<p>Hemos actualizado nuestra cl\u00e1usula de exenci\u00f3n de responsabilidad para ofrecerte total transparencia sobre lo que se establece cuando visitas nuestro sitio y c\u00f3mo se utiliza. Al utilizar nuestra aplicaci\u00f3n, registrar una cuenta o realizar una compra, usted acepta nuestro descargo de responsabilidad y est\u00e1 de acuerdo con sus t\u00e9rminos. <\/p>\n\n<h1 class=\"wp-block-heading\">Cambios en nuestro descargo de responsabilidad<\/h1>\n\n<p>En caso de que actualicemos, modifiquemos o hagamos cualquier cambio en este documento para que refleje con exactitud nuestro Servicio y nuestras pol\u00edticas. A menos que la ley exija lo contrario, dichos cambios se publicar\u00e1n aqu\u00ed de forma destacada. Entonces, si contin\u00faa utilizando el Servicio, quedar\u00e1 vinculado por el Descargo de responsabilidad actualizado. Si no desea aceptar este Descargo de responsabilidad o cualquier otro actualizado, puede eliminar su cuenta.   <\/p>\n\n<h1 class=\"wp-block-heading\">Contacte con nosotros<\/h1>\n\n<p>No dude en ponerse en contacto con nosotros si tiene alguna pregunta sobre este descargo de responsabilidad.<\/p>\n\n<ul class=\"wp-block-list\">\n<li>Por correo electr\u00f3nico: <a href=\"mailto:radu@localhost\">radu@localhost<\/a><\/li>\n\n\n\n<li>A trav\u00e9s de este link: <a href=\"https:\/\/thegfrecipesapi.go.ro\/contact\/\">https:\/\/thegfrecipesapi.go.ro\/es\/contacta-a-thegfrecipes\/<\/a><\/li>\n<\/ul>\n","protected":false},"excerpt":{"rendered":"<p>Actualizado en 2023-03-24 Por la presente, Gluten Advisor &amp; The GF Recipes le concede acceso a (\u00abLa Aplicaci\u00f3n\u00bb y \u00abel Sitio Web\u00bb) y le invita a adquirir los servicios que aqu\u00ed se ofrecen. Definiciones y t\u00e9rminos clave Para ayudar a explicar las cosas lo m\u00e1s claramente posible en este Descargo de Responsabilidad, cada vez que&#8230;<\/p>\n<div class=\" [&hellip;]\"><a href=\"https:\/\/thegfrecipesapi.go.ro\/es\/nota-informativa\/\">Leer m\u00e1s<\/a><\/div>\n","protected":false},"author":2,"featured_media":0,"parent":0,"menu_order":0,"comment_status":"closed","ping_status":"closed","template":"","meta":{"footnotes":""},"class_list":["post-119944","page","type-page","status-publish","hentry"],"acf":{"sub_title":"","show_featured_recipes_slider":false,"featured_recipes":null,"featured_recipes_background_image":null,"featured_recipes_layout_type":"mixed","make_featured_recipes_fixed_width":false,"background_image":null,"background_image_size":"default","parallax_background":"default","enable_custom_header_settings":false,"top_menu_type":"version_1","logo_image":null,"logo_image_width":210},"default_slug":"disclaimer","_links":{"self":[{"href":"https:\/\/thegfrecipesapi.go.ro\/es\/wp-json\/wp\/v2\/pages\/119944","targetHints":{"allow":["GET"]}}],"collection":[{"href":"https:\/\/thegfrecipesapi.go.ro\/es\/wp-json\/wp\/v2\/pages"}],"about":[{"href":"https:\/\/thegfrecipesapi.go.ro\/es\/wp-json\/wp\/v2\/types\/page"}],"author":[{"embeddable":true,"href":"https:\/\/thegfrecipesapi.go.ro\/es\/wp-json\/wp\/v2\/users\/2"}],"replies":[{"embeddable":true,"href":"https:\/\/thegfrecipesapi.go.ro\/es\/wp-json\/wp\/v2\/comments?post=119944"}],"version-history":[{"count":8,"href":"https:\/\/thegfrecipesapi.go.ro\/es\/wp-json\/wp\/v2\/pages\/119944\/revisions"}],"predecessor-version":[{"id":126778,"href":"https:\/\/thegfrecipesapi.go.ro\/es\/wp-json\/wp\/v2\/pages\/119944\/revisions\/126778"}],"wp:attachment":[{"href":"https:\/\/thegfrecipesapi.go.ro\/es\/wp-json\/wp\/v2\/media?parent=119944"}],"curies":[{"name":"wp","href":"https:\/\/api.w.org\/{rel}","templated":true}]}}