{"id":120151,"date":"2023-03-25T00:48:30","date_gmt":"2023-03-24T22:48:30","guid":{"rendered":"https:\/\/thegfrecipesapi.go.ro\/haftungsausschluss\/"},"modified":"2024-03-17T23:26:15","modified_gmt":"2024-03-17T21:26:15","slug":"informative-notiz","status":"publish","type":"page","link":"https:\/\/thegfrecipesapi.go.ro\/de\/informative-notiz\/","title":{"rendered":"Haftungsausschluss"},"content":{"rendered":"\n<p>Aktualisiert am 2023-03-24<\/p>\n\n<p>Gluten Advisor &amp; The GF Recipes gew\u00e4hrt Ihnen hiermit Zugang zur (&#8222;Die Anwendung&#8220; und &#8222;die Website&#8220;) und l\u00e4dt Sie ein, die hier angebotenen Dienstleistungen zu erwerben.<\/p>\n\n<h1 class=\"wp-block-heading\">Definitionen und Schl\u00fcsselbegriffe<\/h1>\n\n<p>Um die Dinge in diesem Disclaimer so klar wie m\u00f6glich zu erkl\u00e4ren, sind alle Begriffe, auf die hier Bezug genommen wird, streng definiert als:<\/p>\n\n<ul class=\"wp-block-list\">\n<li>Cookie: Eine kleine Menge an Daten, die von einer Website generiert und von Ihrem Webbrowser gespeichert wird. Es wird verwendet, um Ihren Browser zu identifizieren, Analysen bereitzustellen und Informationen \u00fcber Sie zu speichern, wie Ihre Spracheinstellungen oder Anmeldeinformationen. <\/li>\n\n\n\n<li>Unternehmen: Wenn in dieser Richtlinie &#8222;Unternehmen&#8220;, &#8222;wir&#8220;, &#8222;uns&#8220; oder &#8222;unser&#8220; erw\u00e4hnt wird, bezieht sich dies auf Exponential Financial Consult S.R.L., Str. Gheorghe Doja, Nr. 1, Bloc 37D, Ploiesti, Prahova, Rum\u00e4nien, die f\u00fcr Ihre Informationen im Rahmen dieses Haftungsausschlusses verantwortlich ist. <\/li>\n\n\n\n<li>Dienstleistung: bezieht sich auf die von Gluten Advisor erbrachte Dienstleistung, wie sie in den entsprechenden Bedingungen (falls vorhanden) und auf dieser Plattform beschrieben ist.<\/li>\n\n\n\n<li>Website: Website, die \u00fcber diese URL aufgerufen werden kann:<\/li>\n\n\n\n<li>Sie: eine nat\u00fcrliche oder juristische Person, die bei Gluten Advisor zur Nutzung der Dienste registriert ist.<\/li>\n<\/ul>\n\n<h1 class=\"wp-block-heading\">Beschr\u00e4nkte Haftung<\/h1>\n\n<p>Gluten Advisor bem\u00fcht sich, den Inhalt der App regelm\u00e4\u00dfig zu aktualisieren und\/oder zu erg\u00e4nzen. Trotz unserer Sorgfalt und Aufmerksamkeit kann der Inhalt unvollst\u00e4ndig und\/oder falsch sein. <\/p>\n\n<p>Die auf der App angebotenen Materialien werden ohne jegliche Form von Garantie oder Anspruch auf ihre Richtigkeit angeboten. Diese Materialien k\u00f6nnen jederzeit und ohne vorherige Ank\u00fcndigung von Gluten Advisor ge\u00e4ndert werden. <\/p>\n\n<p>Insbesondere sind alle Preisangaben in der App vorbehaltlich von Tipp- und Programmierfehlern. F\u00fcr die Folgen solcher Fehler wird keine Haftung \u00fcbernommen. Auf der Grundlage solcher Fehler wird kein Vertrag geschlossen.  <\/p>\n\n<p>Gluten Advisor \u00fcbernimmt keine Haftung f\u00fcr Hyperlinks zu Websites oder Diensten von Drittanbietern, die in der App enthalten sind. \u00dcber unsere App k\u00f6nnen Sie andere Websites besuchen, indem Sie Hyperlinks zu solchen externen Websites folgen. Obwohl wir bestrebt sind, nur qualitativ hochwertige Links zu n\u00fctzlichen und ethischen Websites bereitzustellen, haben wir keine Kontrolle \u00fcber den Inhalt und die Natur dieser Websites. Diese Links zu anderen Websites bedeuten keine Empfehlung f\u00fcr alle auf diesen Websites gefundenen Inhalte. Die Website-Besitzer und Inhalte k\u00f6nnen sich ohne vorherige Ank\u00fcndigung \u00e4ndern und dies kann geschehen, bevor wir die M\u00f6glichkeit haben, einen Link zu entfernen, der &#8222;schlecht&#8220; geworden sein k\u00f6nnte.    <\/p>\n\n<p>Wenn Sie unsere App verlassen, beachten Sie bitte auch, dass andere Websites m\u00f6glicherweise andere Datenschutzrichtlinien und -bedingungen haben, auf die wir keinen Einfluss haben. Bitte \u00fcberpr\u00fcfen Sie die Datenschutzrichtlinien dieser Websites sowie deren &#8222;Nutzungsbedingungen&#8220;, bevor Sie Gesch\u00e4fte abschlie\u00dfen oder Informationen hochladen. <\/p>\n\n<h1 class=\"wp-block-heading\">Links zu anderen Websites Haftungsausschluss<\/h1>\n\n<p>Dieser Haftungsausschluss gilt nur f\u00fcr die Dienstleistungen. Die Dienstleistungen k\u00f6nnen Links zu anderen Websites enthalten, die nicht von Gluten Advisor betrieben oder kontrolliert werden. Wir sind nicht verantwortlich f\u00fcr den Inhalt, die Richtigkeit oder die in solchen Websites ge\u00e4u\u00dferten Meinungen, und solche Websites werden von uns nicht auf Richtigkeit oder Vollst\u00e4ndigkeit \u00fcberpr\u00fcft oder \u00fcberwacht. Bitte beachten Sie, dass unsere Datenschutzrichtlinie nicht mehr gilt, wenn Sie einen Link verwenden, um von den Dienstleistungen zu einer anderen Website zu gelangen. Ihr Surfen und Ihre Interaktion auf jeder anderen Website, einschlie\u00dflich derjenigen, die einen Link auf unserer Plattform haben, unterliegen den eigenen Regeln und Richtlinien dieser Website. Solche Drittanbieter k\u00f6nnen ihre eigenen Cookies oder andere Methoden zur Datensammlung \u00fcber Sie verwenden. Wenn Sie auf einen Link zu einer Drittanbieter-Website klicken, werden Sie auf die Website dieses Drittanbieters weitergeleitet. Wir empfehlen Ihnen dringend, die Datenschutzrichtlinie und die Nutzungsbedingungen jeder von Ihnen besuchten Website zu \u00fcberpr\u00fcfen.       <\/p>\n\n<p>Wir haben keine Kontrolle \u00fcber und \u00fcbernehmen keine Verantwortung f\u00fcr den Inhalt, die Datenschutzrichtlinien oder Praktiken von Websites oder Diensten Dritter.<\/p>\n\n<h1 class=\"wp-block-heading\">Haftungsausschluss f\u00fcr Fehler und Auslassungen<\/h1>\n\n<p>Gluten Advisor ist nicht verantwortlich f\u00fcr den Inhalt, den Code oder andere Ungenauigkeiten.<\/p>\n\n<p>Gluten Advisor gibt keine Garantien oder Gew\u00e4hrleistungen.<\/p>\n\n<p>In keinem Fall haftet Gluten Advisor f\u00fcr besondere, direkte, indirekte oder zuf\u00e4llige Sch\u00e4den oder Sch\u00e4den jeglicher Art, sei es durch Vertrag, Fahrl\u00e4ssigkeit oder andere unerlaubte Handlungen, die aus oder in Verbindung mit der Nutzung des Dienstes oder dem Inhalt des Dienstes entstehen. Gluten Advisor beh\u00e4lt sich das Recht vor, den Inhalt des Dienstes jederzeit und ohne vorherige Ank\u00fcndigung zu erg\u00e4nzen, zu l\u00f6schen oder zu \u00e4ndern. <\/p>\n\n<h1 class=\"wp-block-heading\">Allgemeiner Haftungsausschluss<\/h1>\n\n<p>Der Gluten Advisor-Dienst und seine Inhalte werden &#8222;wie besehen&#8220; und &#8222;wie verf\u00fcgbar&#8220; ohne jegliche Gew\u00e4hrleistung oder Zusicherung, sei es ausdr\u00fccklich oder stillschweigend, bereitgestellt. Gluten Advisor ist ein Vertrieb und kein Herausgeber der von Dritten gelieferten Inhalte. Als solcher hat Gluten Advisor keine redaktionelle Kontrolle \u00fcber solche Inhalte und gibt keine Gew\u00e4hrleistung oder Zusicherung hinsichtlich der Richtigkeit, Zuverl\u00e4ssigkeit oder Aktualit\u00e4t von Informationen, Inhalten, Dienstleistungen oder Waren ab, die \u00fcber den Gluten Advisor-Dienst bereitgestellt oder zug\u00e4nglich gemacht werden. Ohne die vorstehende Einschr\u00e4nkung auszuschlie\u00dfen, lehnt Gluten Advisor ausdr\u00fccklich alle Gew\u00e4hrleistungen und Zusicherungen in Bezug auf Inhalte ab, die \u00fcber den Gluten Advisor-Dienst \u00fcbertragen werden oder in Verbindung mit dem Gluten Advisor-Dienst stehen oder in den als Links auf dem Gluten Advisor-Dienst erscheinenden Websites oder in den als Teil des Gluten Advisor-Dienstes bereitgestellten Produkten enthalten sind, einschlie\u00dflich, aber nicht beschr\u00e4nkt auf jegliche Gew\u00e4hrleistungen der Marktg\u00e4ngigkeit, Eignung f\u00fcr einen bestimmten Zweck oder Nichtverletzung von Rechten Dritter. M\u00fcndliche Ratschl\u00e4ge oder schriftliche Informationen, die von Gluten Advisor oder seinen Tochtergesellschaften, Mitarbeitern, Offizieren, Direktoren, Vertretern oder \u00e4hnlichem gegeben werden, f\u00fchren zu keiner Gew\u00e4hrleistung. Preis- und Verf\u00fcgbarkeitsinformationen k\u00f6nnen sich ohne vorherige Ank\u00fcndigung \u00e4ndern. Ohne die vorstehende Einschr\u00e4nkung auszuschlie\u00dfen, gew\u00e4hrleistet Gluten Advisor nicht, dass der Gluten Advisor-Dienst ununterbrochen, unverf\u00e4lscht, zeitnah oder fehlerfrei sein wird.     <\/p>\n\n<h1 class=\"wp-block-heading\">Copyright-Haftungsausschluss<\/h1>\n\n<p>Alle geistigen Eigentumsrechte an diesen Materialien liegen bei Gluten Advisor. Die Vervielf\u00e4ltigung, Verbreitung und sonstige Nutzung dieser Materialien ist ohne die schriftliche Genehmigung von Gluten Advisor nicht gestattet, es sei denn, es handelt sich um zwingende gesetzliche Vorschriften (wie z.B. das Zitatrecht), die bei bestimmten Materialien anders lauten. <\/p>\n\n<h1 class=\"wp-block-heading\">Offenlegung von Affiliate-Links<\/h1>\n\n<p>Gluten Advisor hat Affiliate-Links und in diesem Abschnitt des Haftungsausschlusses werden wir darauf eingehen, wie wir diese Affiliate-Links von anderen Websites\/Unternehmen und Produkten verwenden. Diese &#8222;Affiliate-Links&#8220; sind spezifische URLs, die die ID oder den Benutzernamen des Partners enthalten. <\/p>\n\n<p>In \u00dcbereinstimmung mit den FTC-Richtlinien beachten Sie bitte die folgenden Hinweise zu Links und Beitr\u00e4gen auf dieser Website:<\/p>\n\n<ul class=\"wp-block-list\">\n<li>Alle Links auf Gluten Advisor sind Affiliate-Links, f\u00fcr die wir eine kleine Provision aus dem Verkauf bestimmter Artikel erhalten, aber der Preis ist f\u00fcr Sie der gleiche. Mit dem Wachstum von Gluten Advisor sind auch die Kosten f\u00fcr den Betrieb und die Wartung gestiegen, und die Affiliate-Links helfen uns, diese Kosten zu decken. <\/li>\n\n\n\n<li>Wenn wir einen Affiliate-Link zu einem Produkt ver\u00f6ffentlichen, handelt es sich um ein Produkt, das wir pers\u00f6nlich benutzen, unterst\u00fctzen und auch ohne Affiliate-Link empfehlen w\u00fcrden.<\/li>\n\n\n\n<li>Wenn nicht anders angegeben, handelt es sich bei allen Bewertungen um Artikel, die wir gekauft haben, und wir werden in keiner Weise bezahlt oder entsch\u00e4digt.<\/li>\n<\/ul>\n\n<p>M\u00f6glicherweise nehmen wir an Partnerprogrammen wie z.B.:<\/p>\n\n<ul class=\"wp-block-list\">\n<li>Amazon Partnerprogramm<\/li>\n\n\n\n<li>Andere<\/li>\n<\/ul>\n\n<h1 class=\"wp-block-heading\">Gesundheit Offenlegung<\/h1>\n\n<p>Die Informationen auf dieser App, wie Texte, Grafiken, Bilder und andere Materialien, die von Gluten Advisor erstellt oder von Lizenzgebern bezogen wurden, sowie andere auf Gluten Advisor enthaltene Materialien (zusammen &#8222;Inhalt&#8220;), sind ausschlie\u00dflich zu Informationszwecken bestimmt und d\u00fcrfen nicht als Ersatz f\u00fcr professionelle Beratung und\/oder Informationen verwendet werden, da die Umst\u00e4nde von Person zu Person variieren k\u00f6nnen. Sie sollten nicht auf diese Informationen handeln oder sich auf sie verlassen, ohne zuvor professionellen Rat einzuholen. Versuchen Sie nicht, die auf dieser App gefundenen vorgeschlagenen Ma\u00dfnahmen, L\u00f6sungen, Heilmittel oder Anweisungen ohne vorherige R\u00fccksprache mit einem qualifizierten Fachmann umzusetzen. Die Materialien sind nicht dazu gedacht und stellen keine verbindliche professionelle Beratung dar. Die \u00dcbertragung dieser Informationen ist nicht dazu gedacht, eine professionelle Kundenbeziehung zwischen Level Up Enterprises und Ihnen zu schaffen. Die Eigent\u00fcmer, Redakteure, Beitragenden, Administratoren und sonstigen Mitarbeiter von Level Up Enterprises sind keine qualifizierten Fachleute und aggregieren lediglich im Internet gefundene Informationen zu Informationszwecken.     <\/p>\n\n<p>Wenn Sie glauben, dass Sie einen medizinischen Notfall haben k\u00f6nnten, rufen Sie sofort Ihren Arzt oder die Notrufnummer 911 an. Gluten Advisor empfiehlt oder bef\u00fcrwortet keine spezifischen Tests, \u00c4rzte, Produkte, Verfahren, Meinungen oder andere Informationen, die in der App erw\u00e4hnt werden. Das Vertrauen auf Informationen, die von Gluten Advisor, den Mitarbeitern von Gluten Advisor, anderen Personen, die auf Einladung von Gluten Advisor in der App erscheinen, oder anderen Besuchern der App bereitgestellt werden, erfolgt ausschlie\u00dflich auf eigenes Risiko.  <\/p>\n\n<p>Alle in der Anwendung pr\u00e4sentierten Standorte, sowohl gegenw\u00e4rtige als auch zuk\u00fcnftige, sind lediglich Empfehlungen, die auf einem zufriedenstellenden Auswahlprozess f\u00fcr Personen mit Z\u00f6liakie basieren. Da wir nicht kontrollieren k\u00f6nnen, was an diesen Standorten geschieht (wie zum Beispiel, wer in der K\u00fcche arbeitet, wer das Essen serviert, und viele andere Faktoren), impliziert die Nutzung dieser Anwendungsfunktionalit\u00e4t Ihre eigene Verantwortung. Bitte seien Sie sich dessen bewusst und treffen Sie informierte Entscheidungen bei der Verwendung der Anwendung. Regenerate  <\/p>\n\n<h1 class=\"wp-block-heading\">Fitness Offenlegung<\/h1>\n\n<p>Bitte lesen Sie diese Angaben zur Fitness, bevor Sie die Informationen in der App anwenden.<\/p>\n\n<p>Wir zeigen Informationen zu Fitness und Ern\u00e4hrungsratschl\u00e4gen. Die Informationen in dieser App, wie Text, Grafiken, Bilder und andere Materialien, die von Gluten Advisor erstellt oder von Lizenzgebern bezogen wurden, sowie andere Materialien auf Gluten Advisor (zusammen &#8222;Inhalte&#8220; genannt), dienen ausschlie\u00dflich Informationszwecken und d\u00fcrfen nicht als Ersatz f\u00fcr professionelle Beratung und\/oder Informationen verwendet werden, da die Umst\u00e4nde von Person zu Person variieren k\u00f6nnen. Sie sollten nicht auf diese Informationen vertrauen oder danach handeln, ohne vorher professionellen Rat einzuholen. Versuchen Sie keine der auf dieser App gefundenen vorgeschlagenen Ma\u00dfnahmen, L\u00f6sungen, Heilmittel oder Anweisungen, ohne zuvor einen qualifizierten Fachmann zu konsultieren. Die Materialien sind nicht dazu gedacht, professionelle Ratschl\u00e4ge zu ersetzen, und sie stellen keine handlungsrelevanten professionellen Ratschl\u00e4ge dar. Wenn Sie Informationen verwenden, die wir auf Gluten Advisor bereitstellen, geschieht dies auf eigenes Risiko.     <\/p>\n\n<p>Regelm\u00e4\u00dfige sportliche Bet\u00e4tigung ist nicht immer risikofrei, selbst f\u00fcr gesunde Menschen. Bestimmte Arten von Bewegung sind riskanter als andere, und f\u00fcr manche Menschen ist jede Art von Bewegung riskant. <\/p>\n\n<p>So ist es auch mit der Ern\u00e4hrung. Einige Ern\u00e4hrungsempfehlungen sind f\u00fcr die meisten Menschen gesund, f\u00fcr andere aber potenziell gef\u00e4hrlich. <\/p>\n\n<p>Die von Gluten Advisor bereitgestellten \u00dcbungen dienen ausschlie\u00dflich zu Bildungs- und Unterhaltungszwecken und d\u00fcrfen nicht als Empfehlung f\u00fcr einen spezifischen Behandlungsplan, ein Produkt oder einen Handlungsverlauf interpretiert werden. Sport birgt Risiken, und dieses oder jedes andere \u00dcbungsprogramm kann zu Verletzungen f\u00fchren. Dazu geh\u00f6ren, sind aber nicht beschr\u00e4nkt auf: Verletzungsgefahr, Verschlimmerung einer bereits bestehenden Erkrankung oder unerw\u00fcnschte Effekte oder \u00dcberanstrengung wie Muskelverspannungen, abnormer Blutdruck, Ohnmacht, Herzrhythmusst\u00f6rungen und sehr seltene Herzinfarkte. Um das Verletzungsrisiko zu reduzieren, sollten Sie vor Beginn dieses oder eines anderen \u00dcbungsprogramms einen Gesundheitsdienstleister zur angemessenen Verschreibung von \u00dcbungen und Sicherheitsvorkehrungen konsultieren. Die \u00dcbungsanleitung und Ratschl\u00e4ge sind in keiner Weise als Ersatz f\u00fcr medizinische Beratung gedacht. Gluten Advisor lehnt jede Haftung in Zusammenhang mit diesem Programm ab. Wie bei jedem \u00dcbungsprogramm sollten Sie sofort aufh\u00f6ren und einen Arzt konsultieren, wenn Sie w\u00e4hrend Ihres Trainings Schwindelgef\u00fchl, Benommenheit oder k\u00f6rperliche Beschwerden versp\u00fcren.      <\/p>\n\n<h1 class=\"wp-block-heading\">Offenlegung von Bildungsdaten<\/h1>\n\n<p>Alle Informationen, die von Gluten Advisor bereitgestellt werden, dienen ausschlie\u00dflich zu Bildungszwecken und d\u00fcrfen nicht als Empfehlung f\u00fcr einen spezifischen Behandlungsplan, ein Produkt oder einen Handlungsverlauf interpretiert werden. Gluten Advisor ist ein Vertriebsunternehmen und kein Herausgeber der von Dritten bereitgestellten Inhalte. Als solches hat Gluten Advisor keine redaktionelle Kontrolle \u00fcber solche Inhalte und gibt keine Garantie oder Zusicherung hinsichtlich der Genauigkeit, Zuverl\u00e4ssigkeit oder Aktualit\u00e4t von Informationen oder Bildungsinhalten ab, die \u00fcber oder \u00fcber Gluten Advisor zug\u00e4nglich gemacht werden. Unbeschadet des Vorstehenden lehnt Gluten Advisor ausdr\u00fccklich alle Gew\u00e4hrleistungen und Zusicherungen in Bezug auf Inhalte ab, die im Zusammenhang mit Gluten Advisor \u00fcbertragen werden oder auf Websites erscheinen k\u00f6nnen, die auf Gluten Advisor verlinkt sind, oder in Produkten, die im Rahmen von Gluten Advisor bereitgestellt werden, oder anderweitig im Zusammenhang mit Gluten Advisor. M\u00fcndliche Ratschl\u00e4ge oder schriftliche Informationen, die von Gluten Advisor oder einem seiner Tochterunternehmen, Mitarbeiter, leitenden Angestellten, Direktoren, Vertreter oder \u00e4hnlichen Personen erteilt werden, begr\u00fcnden keine Gew\u00e4hrleistung.   <\/p>\n\n<h1 class=\"wp-block-heading\">Offenlegung der Werbung<\/h1>\n\n<p>Diese App kann Drittanzeigen und Links zu Websites von Dritten enthalten. Gluten Advisor macht keine Darstellungen hinsichtlich der Genauigkeit oder Eignung der in diesen Anzeigen oder auf diesen Websites enthaltenen Informationen und \u00fcbernimmt keine Verantwortung oder Haftung f\u00fcr das Verhalten oder den Inhalt dieser Anzeigen und Websites sowie f\u00fcr die Angebote der Drittanbieter. <\/p>\n\n<p>Werbung sorgt daf\u00fcr, dass Gluten Advisor und viele der Websites und Dienste, die Sie nutzen, kostenlos sind. Wir arbeiten hart, um sicherzustellen, dass die Werbung sicher, unaufdringlich und so relevant wie m\u00f6glich ist. <\/p>\n\n<p>Anzeigen Dritter und Links zu anderen Websites, auf denen Waren oder Dienstleistungen beworben werden, sind keine Bef\u00fcrwortung oder Empfehlung von Gluten Advisor f\u00fcr die Websites, Waren oder Dienstleistungen Dritter. Gluten Advisor \u00fcbernimmt keine Verantwortung f\u00fcr den Inhalt der Anzeigen, die gemachten Versprechungen oder die Qualit\u00e4t\/Zuverl\u00e4ssigkeit der in allen Anzeigen angebotenen Produkte oder Dienstleistungen. <\/p>\n\n<h1 class=\"wp-block-heading\">Testimonials Offenlegung<\/h1>\n\n<p>Alle Erfahrungsberichte auf dieser Plattform sind die Meinung derjenigen, die sie abgeben. Die in den Erfahrungsberichten enthaltenen Informationen sind nicht dazu geeignet, Ergebnisse in Ihrer speziellen Situation vorherzusagen. Die Ergebnisse, die Sie erzielen, h\u00e4ngen von vielen Faktoren ab, einschlie\u00dflich, aber nicht beschr\u00e4nkt auf Ihr pers\u00f6nliches Verantwortungsbewusstsein, Ihr Engagement und Ihre F\u00e4higkeiten, zus\u00e4tzlich zu den Faktoren, die Sie und\/oder Gluten Advisor m\u00f6glicherweise nicht vorhersehen k\u00f6nnen.  <\/p>\n\n<p>Wir werden unseren Besuchern unabh\u00e4ngig von einem Rabatt ehrliche Erfahrungsberichte geben. Jedes Produkt oder jede Dienstleistung, die wir testen, ist eine individuelle Erfahrung, die die Erfahrungen des wirklichen Lebens widerspiegelt. Die Testimonials k\u00f6nnen als Audio-, Text- oder Videodatei angezeigt werden und sind nicht unbedingt repr\u00e4sentativ f\u00fcr alle, die unsere Produkte und\/oder Dienstleistungen nutzen.  <\/p>\n\n<p>Gluten Advisor garantiert nicht die gleichen Ergebnisse wie die auf unserer Plattform angegebenen Erfahrungsberichte. Die auf Gluten Advisor pr\u00e4sentierten Erfahrungsberichte beziehen sich auf die Personen, die sie verfasst haben, und sind nicht unbedingt ein Hinweis auf den zuk\u00fcnftigen Erfolg anderer Personen. <\/p>\n\n<p>Bitte z\u00f6gern Sie nicht, sich mit uns in Verbindung zu setzen, wenn Sie mehr \u00fcber Erfahrungsberichte, Preisnachl\u00e4sse oder die von uns gepr\u00fcften Produkte\/Dienstleistungen wissen m\u00f6chten.<\/p>\n\n<h1 class=\"wp-block-heading\">Ihr Einverst\u00e4ndnis<\/h1>\n\n<p>Wir haben unseren Haftungsausschluss aktualisiert, um Ihnen vollst\u00e4ndige Transparenz dar\u00fcber zu bieten, was bei Ihrem Besuch auf unserer Website festgelegt wird und wie es verwendet wird. Durch die Nutzung unserer App, die Registrierung eines Kontos oder einen Kauf erkl\u00e4ren Sie sich mit unserem Haftungsausschluss einverstanden und stimmen dessen Bedingungen zu. <\/p>\n\n<h1 class=\"wp-block-heading\">\u00c4nderungen an unserem Haftungsausschluss<\/h1>\n\n<p>Sollten wir dieses Dokument aktualisieren, erg\u00e4nzen oder \u00e4ndern, damit es unseren Service und unsere Richtlinien korrekt wiedergibt. Sofern nicht anderweitig gesetzlich vorgeschrieben, werden diese \u00c4nderungen an dieser Stelle deutlich sichtbar ver\u00f6ffentlicht. Wenn Sie den Dienst dann weiterhin nutzen, sind Sie an den aktualisierten Haftungsausschluss gebunden. Wenn Sie diesem oder einem aktualisierten Haftungsausschluss nicht zustimmen m\u00f6chten, k\u00f6nnen Sie Ihr Konto l\u00f6schen.   <\/p>\n\n<h1 class=\"wp-block-heading\">Kontakt<\/h1>\n\n<p>Z\u00f6gern Sie nicht, uns zu kontaktieren, wenn Sie Fragen zu diesem Haftungsausschluss haben.<\/p>\n\n<ul class=\"wp-block-list\">\n<li>Per E-Mail: <a href=\"mailto:radu@localhost\">radu@localhost<\/a><\/li>\n\n\n\n<li>\u00dcber diesen Link: <a href=\"https:\/\/thegfrecipesapi.go.ro\/contact\/\">https:\/\/thegfrecipesapi.go.ro\/de\/kontaktieren-sie-thegfrecipes\/<\/a><\/li>\n<\/ul>\n","protected":false},"excerpt":{"rendered":"<p>Aktualisiert am 2023-03-24 Gluten Advisor &amp; The GF Recipes gew\u00e4hrt Ihnen hiermit Zugang zur (&#8222;Die Anwendung&#8220; und &#8222;die Website&#8220;) und l\u00e4dt Sie ein, die hier angebotenen Dienstleistungen zu erwerben. Definitionen und Schl\u00fcsselbegriffe Um die Dinge in diesem Disclaimer so klar wie m\u00f6glich zu erkl\u00e4ren, sind alle Begriffe, auf die hier Bezug genommen wird, streng definiert&#8230;<\/p>\n<div class=\" [&hellip;]\"><a href=\"https:\/\/thegfrecipesapi.go.ro\/de\/informative-notiz\/\">Mehr lesen<\/a><\/div>\n","protected":false},"author":2,"featured_media":0,"parent":0,"menu_order":0,"comment_status":"closed","ping_status":"closed","template":"","meta":{"footnotes":""},"class_list":["post-120151","page","type-page","status-publish","hentry"],"acf":{"sub_title":"","show_featured_recipes_slider":false,"featured_recipes":null,"featured_recipes_background_image":null,"featured_recipes_layout_type":"mixed","make_featured_recipes_fixed_width":false,"background_image":null,"background_image_size":"default","parallax_background":"default","enable_custom_header_settings":false,"top_menu_type":"version_1","logo_image":null,"logo_image_width":210},"default_slug":"disclaimer","_links":{"self":[{"href":"https:\/\/thegfrecipesapi.go.ro\/de\/wp-json\/wp\/v2\/pages\/120151","targetHints":{"allow":["GET"]}}],"collection":[{"href":"https:\/\/thegfrecipesapi.go.ro\/de\/wp-json\/wp\/v2\/pages"}],"about":[{"href":"https:\/\/thegfrecipesapi.go.ro\/de\/wp-json\/wp\/v2\/types\/page"}],"author":[{"embeddable":true,"href":"https:\/\/thegfrecipesapi.go.ro\/de\/wp-json\/wp\/v2\/users\/2"}],"replies":[{"embeddable":true,"href":"https:\/\/thegfrecipesapi.go.ro\/de\/wp-json\/wp\/v2\/comments?post=120151"}],"version-history":[{"count":4,"href":"https:\/\/thegfrecipesapi.go.ro\/de\/wp-json\/wp\/v2\/pages\/120151\/revisions"}],"predecessor-version":[{"id":126775,"href":"https:\/\/thegfrecipesapi.go.ro\/de\/wp-json\/wp\/v2\/pages\/120151\/revisions\/126775"}],"wp:attachment":[{"href":"https:\/\/thegfrecipesapi.go.ro\/de\/wp-json\/wp\/v2\/media?parent=120151"}],"curies":[{"name":"wp","href":"https:\/\/api.w.org\/{rel}","templated":true}]}}