{"id":120102,"date":"2023-03-13T09:10:45","date_gmt":"2023-03-13T07:10:45","guid":{"rendered":"https:\/\/thegfrecipesapi.go.ro\/kontaktieren-sie-thegfrecipes\/"},"modified":"2023-09-17T15:37:49","modified_gmt":"2023-09-17T13:37:49","slug":"kontaktieren-sie-thegfrecipes","status":"publish","type":"page","link":"https:\/\/thegfrecipesapi.go.ro\/de\/kontaktieren-sie-thegfrecipes\/","title":{"rendered":"Kontaktieren Sie uns"},"content":{"rendered":"<div class=\"wp-block-image\">\n<figure class=\"aligncenter size-full is-resized\"><img decoding=\"async\" src=\"https:\/\/thegfrecipesapi.go.ro\/wp-content\/uploads\/2023\/06\/Contact-theGFrecipes-1.jpg\" alt=\"Blick von oben auf einen &quot;Kontaktiere theGFrecipes&quot;-Block.\" class=\"wp-image-119293\" style=\"width:487px;height:325px\" width=\"487\" height=\"325\" srcset=\"https:\/\/thegfrecipesapi.go.ro\/wp-content\/uploads\/2023\/06\/Contact-theGFrecipes-1.jpg 1000w, https:\/\/thegfrecipesapi.go.ro\/wp-content\/uploads\/2023\/06\/Contact-theGFrecipes-1-300x200.jpg 300w, https:\/\/thegfrecipesapi.go.ro\/wp-content\/uploads\/2023\/06\/Contact-theGFrecipes-1-768x512.jpg 768w, https:\/\/thegfrecipesapi.go.ro\/wp-content\/uploads\/2023\/06\/Contact-theGFrecipes-1-500x334.jpg 500w\" sizes=\"(max-width: 487px) 100vw, 487px\" \/><\/figure>\n<\/div>\n<p>Wir sch\u00e4tzen Ihre R\u00fcckmeldungen, Vorschl\u00e4ge und Fragen und freuen uns darauf, mit unseren Lesern in Kontakt zu treten. Egal, ob Sie eine Rezeptanfrage haben, eine Zusammenarbeit w\u00fcnschen oder einfach nur &#8222;Hallo&#8220; sagen m\u00f6chten, dies ist der perfekte Ort, um mit uns in Kontakt zu treten. <\/p>\n\n<p>Wir glauben daran, eine lebendige Gemeinschaft zu f\u00f6rdern, und wir ermutigen Sie, Ihre Gedanken, Erfahrungen und Ideen im Zusammenhang mit glutenfreiem Kochen und Backen zu teilen. Unser engagiertes Team ist leidenschaftlich daran interessiert, k\u00f6stliche und nahrhafte Rezepte zu erstellen, die verschiedenen Ern\u00e4hrungsbed\u00fcrfnissen gerecht werden, und wir sind hier, um Sie auf Ihrer kulinarischen Reise zu unterst\u00fctzen. <\/p>\n\n<p>Um uns zu kontaktieren, f\u00fcllen Sie bitte das unten stehende Kontaktformular aus. Wir bem\u00fchen uns, auf alle Anfragen zeitnah zu antworten und Ihnen die ben\u00f6tigte Unterst\u00fctzung zukommen zu lassen. Ihr Feedback ist uns sehr wichtig, da wir kontinuierlich daran arbeiten, Ihre Erfahrung auf theGFrecipes zu verbessern.  <\/p>\n<p>[contact-form-7 id=&#8220;119276&#8243; title=&#8220;Contact form 1&#8243;]<\/p>\n","protected":false},"excerpt":{"rendered":"<p>Wir sch\u00e4tzen Ihre R\u00fcckmeldungen, Vorschl\u00e4ge und Fragen und freuen uns darauf, mit unseren Lesern in Kontakt zu treten. Egal, ob Sie eine Rezeptanfrage haben, eine Zusammenarbeit w\u00fcnschen oder einfach nur &#8222;Hallo&#8220; sagen m\u00f6chten, dies ist der perfekte Ort, um mit uns in Kontakt zu treten. Wir glauben daran, eine lebendige Gemeinschaft zu f\u00f6rdern, und wir&#8230;<\/p>\n<div class=\" [&hellip;]\"><a href=\"https:\/\/thegfrecipesapi.go.ro\/de\/kontaktieren-sie-thegfrecipes\/\">Mehr lesen<\/a><\/div>\n","protected":false},"author":2,"featured_media":0,"parent":0,"menu_order":0,"comment_status":"closed","ping_status":"closed","template":"","meta":{"footnotes":""},"class_list":["post-120102","page","type-page","status-publish","hentry"],"acf":{"sub_title":"","show_featured_recipes_slider":false,"featured_recipes":null,"featured_recipes_background_image":null,"featured_recipes_layout_type":"mixed","make_featured_recipes_fixed_width":false,"background_image":null,"background_image_size":"default","parallax_background":"default","enable_custom_header_settings":false,"top_menu_type":"version_1","logo_image":null,"logo_image_width":210},"default_slug":"contact-thegfrecipes","_links":{"self":[{"href":"https:\/\/thegfrecipesapi.go.ro\/de\/wp-json\/wp\/v2\/pages\/120102","targetHints":{"allow":["GET"]}}],"collection":[{"href":"https:\/\/thegfrecipesapi.go.ro\/de\/wp-json\/wp\/v2\/pages"}],"about":[{"href":"https:\/\/thegfrecipesapi.go.ro\/de\/wp-json\/wp\/v2\/types\/page"}],"author":[{"embeddable":true,"href":"https:\/\/thegfrecipesapi.go.ro\/de\/wp-json\/wp\/v2\/users\/2"}],"replies":[{"embeddable":true,"href":"https:\/\/thegfrecipesapi.go.ro\/de\/wp-json\/wp\/v2\/comments?post=120102"}],"version-history":[{"count":4,"href":"https:\/\/thegfrecipesapi.go.ro\/de\/wp-json\/wp\/v2\/pages\/120102\/revisions"}],"predecessor-version":[{"id":120112,"href":"https:\/\/thegfrecipesapi.go.ro\/de\/wp-json\/wp\/v2\/pages\/120102\/revisions\/120112"}],"wp:attachment":[{"href":"https:\/\/thegfrecipesapi.go.ro\/de\/wp-json\/wp\/v2\/media?parent=120102"}],"curies":[{"name":"wp","href":"https:\/\/api.w.org\/{rel}","templated":true}]}}